{"id":887,"date":"2017-08-10T13:56:42","date_gmt":"2017-08-10T11:56:42","guid":{"rendered":"http:\/\/wittorfer-zwergenstube.de\/?page_id=887"},"modified":"2017-08-10T14:05:58","modified_gmt":"2017-08-10T12:05:58","slug":"die-welt-da-draussen","status":"publish","type":"page","link":"https:\/\/wittorfer-zwergenstube.de\/?page_id=887","title":{"rendered":"Die Welt da drau\u00dfen"},"content":{"rendered":"<h2>Anfang des Jahres haben wir an der deutschlandweiten Ausschreibung der Element-i Bildungsstiftung\u00a0 teilgenommen. Das Thema lautete&#8220;Die Welt da drau\u00dfen&#8220; und ist ein wesentlicher Bestandteil unseres Hortkonzeptes.<\/h2>\n<p>Auszug aus den Bewerbungsunterlagen:<\/p>\n<p>Fazit: Es ist wichtig, mit den Kindern \u201eDie Welt da drau\u00dfen\u201c zu entdecken. Sie sollen M\u00f6glichkeiten finden, auch nach der \u201eHortzeit\u201c Wohlf\u00fchlpl\u00e4tze zu kennen. Zu wissen, wohin sie gehen und wo sie Spa\u00df haben k\u00f6nnen. Es ist die Aufgabe der Erzieher, sie auf die \u201eWelt da drau\u00dfen\u201c vorzubereiten.<br \/>\n<span style=\"font-size: 1rem;\">Im Hort d\u00fcrfen die Kinder auch ihre \u201eKomfortzone\u201c verlassen und ihre Kr\u00e4fte mit anderen messen. Wenn sie nicht lernen, ihre Kr\u00e4fte einzusch\u00e4tzen und ihr Gegen\u00fcber zu verstehen, dann passieren im Teenageralter Unf\u00e4lle, die vermieden h\u00e4tten werden k\u00f6nnen.<br \/>\n<\/span><span style=\"font-size: 1rem;\">Au\u00dferdem sind die Kinder ehrlicher, wenn sie merken, dass wir ihnen etwas zutrauen!<br \/>\n<\/span><span style=\"font-size: 1rem;\">Nat\u00fcrlich steht den Kindern bei Konflikten ein Erwachsener unterst\u00fctzend zur Seite. Und die Erzieher m\u00fcssen die Kinder gut beobachten, um sie einsch\u00e4tzen zu k\u00f6nnen und besondere Situationen vorher zu sehen.<br \/>\n<\/span><span style=\"font-size: 1rem;\">Je mehr Impulse vom Erzieher aufgegriffen werden, desto zielsicherer wird die F\u00f6rderung ausfallen. Die Fragen der Kinder d\u00fcrfen nicht abgetan, sie m\u00fcssen beantwortet werden. Und es gibt keine Frage, die sich nicht beantworten lie\u00dfe!\u00a0<\/span><\/p>\n<p>Unsere Projekte sind so gew\u00e4hlt, dass wir die Interessen der Kinder aufgreifen und damit nicht nur den Sozialraum, sondern auch sehr spielerisch den Wissens- und Erfahrungshorizont der Kinder erweitern.<br \/>\n<span style=\"font-size: 1rem;\">Eine gute Mischung aus \u201eSpielen und Entdecken lassen\u201c und dem \u201eprojekt-orientiertem Arbeiten\u201c!\u00a0<\/span><\/p>\n<p>Im April erreichte uns dann die Nachricht, dass wir unter die Top 9 gekommen sind. Es wurde ein Termin f\u00fcr ein einst\u00fcndiges Interview vereinbart. Von da aus sind wir unter die Top 5 gekommen und bekamen Besuch aus Stuttgart von renomierten P\u00e4dagogen, die sich unser Konzept vor Ort angeschaut haben.<\/p>\n<p>Leider haben wir es dann nicht mehr unter die ersten 3 Bewerber geschafft. Aber wir sind stolz und gl\u00fccklich, dass unser Hortkonzept bundesweit so viel Aufmerksamkeit erregt hat und als &#8222;besonders&#8220; wahrgenommen wurde.<\/p>\n","protected":false},"excerpt":{"rendered":"<p>Anfang des Jahres haben wir an der deutschlandweiten Ausschreibung der Element-i Bildungsstiftung\u00a0 teilgenommen. Das Thema lautete&#8220;Die Welt da drau\u00dfen&#8220; und ist ein wesentlicher Bestandteil unseres Hortkonzeptes. Auszug aus den Bewerbungsunterlagen: Fazit: Es ist wichtig, mit den Kindern \u201eDie Welt da drau\u00dfen\u201c zu entdecken. Sie sollen M\u00f6glichkeiten finden, auch nach der \u201eHortzeit\u201c Wohlf\u00fchlpl\u00e4tze zu kennen. Zu [&hellip;]<\/p>\n","protected":false},"author":1,"featured_media":0,"parent":0,"menu_order":0,"comment_status":"closed","ping_status":"closed","template":"","meta":{"footnotes":""},"class_list":["post-887","page","type-page","status-publish","hentry"],"_links":{"self":[{"href":"https:\/\/wittorfer-zwergenstube.de\/index.php?rest_route=\/wp\/v2\/pages\/887","targetHints":{"allow":["GET"]}}],"collection":[{"href":"https:\/\/wittorfer-zwergenstube.de\/index.php?rest_route=\/wp\/v2\/pages"}],"about":[{"href":"https:\/\/wittorfer-zwergenstube.de\/index.php?rest_route=\/wp\/v2\/types\/page"}],"author":[{"embeddable":true,"href":"https:\/\/wittorfer-zwergenstube.de\/index.php?rest_route=\/wp\/v2\/users\/1"}],"replies":[{"embeddable":true,"href":"https:\/\/wittorfer-zwergenstube.de\/index.php?rest_route=%2Fwp%2Fv2%2Fcomments&post=887"}],"version-history":[{"count":3,"href":"https:\/\/wittorfer-zwergenstube.de\/index.php?rest_route=\/wp\/v2\/pages\/887\/revisions"}],"predecessor-version":[{"id":891,"href":"https:\/\/wittorfer-zwergenstube.de\/index.php?rest_route=\/wp\/v2\/pages\/887\/revisions\/891"}],"wp:attachment":[{"href":"https:\/\/wittorfer-zwergenstube.de\/index.php?rest_route=%2Fwp%2Fv2%2Fmedia&parent=887"}],"curies":[{"name":"wp","href":"https:\/\/api.w.org\/{rel}","templated":true}]}}