{"id":75,"date":"2016-09-08T09:21:29","date_gmt":"2016-09-08T07:21:29","guid":{"rendered":"http:\/\/wittorfer-zwergenstube.de\/?page_id=75"},"modified":"2022-12-06T11:47:09","modified_gmt":"2022-12-06T10:47:09","slug":"oeffnungszeiten","status":"publish","type":"page","link":"https:\/\/wittorfer-zwergenstube.de\/?page_id=75","title":{"rendered":"\u00d6ffnungszeiten"},"content":{"rendered":"<p><strong>\u00d6ffnungszeiten Krippe und Kindergarten:<\/strong><\/p>\n<p>Montags &#8211; freitags:<br \/>\n8.00-12.00 Uhr<\/p>\n<p>Zus\u00e4tzlich bieten wir Ihnen folgende Zeiten an:<\/p>\n<p>Fr\u00fchdienst: 7.15-8.00 Uhr<br \/>\nSp\u00e4tdienst: 12.00-13.00 Uhr<\/p>\n","protected":false},"excerpt":{"rendered":"<p>\u00d6ffnungszeiten Krippe und Kindergarten: Montags &#8211; freitags: 8.00-12.00 Uhr Zus\u00e4tzlich bieten wir Ihnen folgende Zeiten an: Fr\u00fchdienst: 7.15-8.00 Uhr Sp\u00e4tdienst: 12.00-13.00 Uhr<\/p>\n","protected":false},"author":1,"featured_media":0,"parent":0,"menu_order":0,"comment_status":"closed","ping_status":"closed","template":"","meta":{"footnotes":""},"class_list":["post-75","page","type-page","status-publish","hentry"],"_links":{"self":[{"href":"https:\/\/wittorfer-zwergenstube.de\/index.php?rest_route=\/wp\/v2\/pages\/75","targetHints":{"allow":["GET"]}}],"collection":[{"href":"https:\/\/wittorfer-zwergenstube.de\/index.php?rest_route=\/wp\/v2\/pages"}],"about":[{"href":"https:\/\/wittorfer-zwergenstube.de\/index.php?rest_route=\/wp\/v2\/types\/page"}],"author":[{"embeddable":true,"href":"https:\/\/wittorfer-zwergenstube.de\/index.php?rest_route=\/wp\/v2\/users\/1"}],"replies":[{"embeddable":true,"href":"https:\/\/wittorfer-zwergenstube.de\/index.php?rest_route=%2Fwp%2Fv2%2Fcomments&post=75"}],"version-history":[{"count":6,"href":"https:\/\/wittorfer-zwergenstube.de\/index.php?rest_route=\/wp\/v2\/pages\/75\/revisions"}],"predecessor-version":[{"id":1936,"href":"https:\/\/wittorfer-zwergenstube.de\/index.php?rest_route=\/wp\/v2\/pages\/75\/revisions\/1936"}],"wp:attachment":[{"href":"https:\/\/wittorfer-zwergenstube.de\/index.php?rest_route=%2Fwp%2Fv2%2Fmedia&parent=75"}],"curies":[{"name":"wp","href":"https:\/\/api.w.org\/{rel}","templated":true}]}}