{"id":71,"date":"2016-09-08T09:21:04","date_gmt":"2016-09-08T07:21:04","guid":{"rendered":"http:\/\/wittorfer-zwergenstube.de\/?page_id=71"},"modified":"2019-05-24T09:15:41","modified_gmt":"2019-05-24T07:15:41","slug":"aktuelles-2","status":"publish","type":"page","link":"https:\/\/wittorfer-zwergenstube.de\/?page_id=71","title":{"rendered":"Kindermund"},"content":{"rendered":"<p>Kind fragt Erzieherin: Warum sind die Gardinen da?<br \/>\nAntwort der Erzieherin: It\u00b4s decoration.<br \/>\nKind rennt aufgeregt zum Freund: It\u00b4s decoration. It\u00b4s decoration. Guck, ich kann auch englisch sprechen.<\/p>\n<p>Erzieherin fragt Kind: Is this a cow.<br \/>\nAntwort des Kindes: Nein, a horse.<\/p>\n<p>Erzieherin sagt zum Kind: Can you lift your trousers please.<br \/>\nKind: Oh man, meine Hose rutscht schon wieder.<\/p>\n<p>Im Hort gibt es frische Erdbeeren vom Markt zu essen. Die Erzieherin fragt, ob die Kinder gerne Erdbeeren essen.<br \/>\nDa sagt ein Kind: Oh ja, das ist ja besser als freies WLAN.<\/p>\n<h4><span style=\"color: #000000;\"><strong><em>Dezember 2017:<\/em><\/strong><\/span><\/h4>\n<p><span style=\"color: #333333;\">Zwei Kinder spielen Memory und der Junge beschreibt seine Karte:<br \/>\n&#8222;Das ist ein Tier, macht immer uahahah und isst gerne Bananen.&#8220;<br \/>\nSagt das andere Kind mit einem Lachen im Gesicht: &#8222;Ein Huhn!&#8220;<\/span><\/p>\n<p><span style=\"color: #000000;\"><em><strong>August 2017:<\/strong><\/em><\/span><\/p>\n<p>Kind kommt abgehetzt und panisch auf Erzieherin zugelaufen. &#8222;Nicole, Nicole mich jagt eine Liwelle.&#8220; (gemeint war eine Libelle)<\/p>\n<p>Einige Kinder sitzen beim Mittag zusammen und unterhalten sich \u00fcber Ohrl\u00f6cher stechen. Sagt ein Junge: &#8222;Ich lass mir auch welche stechen. Das wirkt n\u00e4mlich sehr m\u00e4nnlich.&#8220;<\/p>\n<p>5 j\u00e4hriges Kind erz\u00e4hlt: &#8222;Erst konnte ich kein Fahrrad fahren, aber dann habe ich das Gleichgewicht bekommen. Dann ging das.&#8220;<\/p>\n<p>Kind &#8222;brabbelt&#8220; Erzieherin seit mehreren Minuten &#8222;voll&#8220;:<br \/>\n&#8222;Ich wei\u00df, dass ich immer so viel rede. Aber manchmal gibt es Tage, da kann ich einfach nicht aufh\u00f6ren zu reden.&#8220;<\/p>\n<hr \/>\n<p><span style=\"color: #000000;\"><strong><span style=\"text-decoration: underline;\"><em>M\u00e4rz 2017:<\/em><\/span><br \/>\n<\/strong>Erzieherin: &#8222;Warum bist du eigentlich hier im Hort?&#8220;<\/span><br \/>\n<span style=\"color: #000000;\">Kind: &#8222;Na weil unsre Eltern uns zu Hause nicht gebrauchen k\u00f6nnen&#8230;<br \/>\nDenn da ist ja keiner, der auf uns aufpasst, wenn sie arbeiten sind.&#8220;<\/span><\/p>\n<p><span style=\"color: #000000;\"><strong><span style=\"text-decoration: underline;\"><em>Februar 2017:<\/em><\/span><br \/>\n<\/strong>&#8222;Mal doch den <span style=\"text-decoration: underline;\"><em>dog&#8230;a dog<\/em><\/span>!&#8220;<br \/>\n&#8222;Wir brauchen<em><span style=\"text-decoration: underline;\"> two pigs and chicken<\/span><\/em>.&#8220;<br \/>\n&#8222;Da hat jemand nicht richtig <em><span style=\"text-decoration: underline;\">clean up<\/span><\/em> gemacht.&#8220;<\/span><\/p>\n<p><span style=\"color: #000000;\"><em><strong><span style=\"text-decoration: underline;\">Januar 2017:<\/span><br \/>\n<\/strong><\/em>&#8222;Nimm lieber <em><span style=\"text-decoration: underline;\">white<\/span><\/em>, das sieht man besser auf <em><span style=\"text-decoration: underline;\">black<\/span><\/em>.&#8220;<br \/>\n&#8222;Guck mal, ich zieh jetzt meine <em><span style=\"text-decoration: underline;\">mittens<\/span><\/em> an.&#8220;<\/span><\/p>\n<p><span style=\"color: #000000;\"><strong><em><span style=\"text-decoration: underline;\">Dezember 2016:<\/span><br \/>\n<\/em><\/strong>Junge: &#8222;Du, J. ist mein Antrieb.&#8220;<br \/>\nErzieherin: &#8222;Wie meinst du das?&#8220;<br \/>\nJunge: &#8222;Na, das musst du dir so vorstellen: Wenn sie nicht da ist, dann ist das wie 3 Wochen ohne Wlan.&#8220;<br \/>\n<\/span><\/p>\n<p><span style=\"color: #000000;\"><span style=\"text-decoration: underline;\"><em><strong>November 2016:<\/strong><br \/>\n&#8222;Birthday<\/em><\/span> hei\u00dft Geburtstag.&#8220;<\/span><br \/>\n<span style=\"color: #000000;\">&#8222;Cinja, brauchen wir <span style=\"text-decoration: underline;\"><em>sparkling water<\/em><\/span>?&#8220;<\/span><br \/>\n<span style=\"color: #000000;\"><span style=\"text-decoration: underline;\"><em>&#8222;Put on your shoes, please.<\/em><\/span> Das hei\u00dft, zieh deine Schuhe an.&#8220;<\/span><br \/>\n<span style=\"color: #000000;\">&#8222;Ihhh, eine <span style=\"text-decoration: underline;\"><em>spider.&#8220;<\/em><\/span><\/span><\/p>\n","protected":false},"excerpt":{"rendered":"<p>Kind fragt Erzieherin: Warum sind die Gardinen da? Antwort der Erzieherin: It\u00b4s decoration. Kind rennt aufgeregt zum Freund: It\u00b4s decoration. It\u00b4s decoration. Guck, ich kann auch englisch sprechen. Erzieherin fragt Kind: Is this a cow. Antwort des Kindes: Nein, a horse. Erzieherin sagt zum Kind: Can you lift your trousers please. Kind: Oh man, meine [&hellip;]<\/p>\n","protected":false},"author":1,"featured_media":0,"parent":0,"menu_order":0,"comment_status":"closed","ping_status":"closed","template":"","meta":{"footnotes":""},"class_list":["post-71","page","type-page","status-publish","hentry"],"_links":{"self":[{"href":"https:\/\/wittorfer-zwergenstube.de\/index.php?rest_route=\/wp\/v2\/pages\/71","targetHints":{"allow":["GET"]}}],"collection":[{"href":"https:\/\/wittorfer-zwergenstube.de\/index.php?rest_route=\/wp\/v2\/pages"}],"about":[{"href":"https:\/\/wittorfer-zwergenstube.de\/index.php?rest_route=\/wp\/v2\/types\/page"}],"author":[{"embeddable":true,"href":"https:\/\/wittorfer-zwergenstube.de\/index.php?rest_route=\/wp\/v2\/users\/1"}],"replies":[{"embeddable":true,"href":"https:\/\/wittorfer-zwergenstube.de\/index.php?rest_route=%2Fwp%2Fv2%2Fcomments&post=71"}],"version-history":[{"count":13,"href":"https:\/\/wittorfer-zwergenstube.de\/index.php?rest_route=\/wp\/v2\/pages\/71\/revisions"}],"predecessor-version":[{"id":1429,"href":"https:\/\/wittorfer-zwergenstube.de\/index.php?rest_route=\/wp\/v2\/pages\/71\/revisions\/1429"}],"wp:attachment":[{"href":"https:\/\/wittorfer-zwergenstube.de\/index.php?rest_route=%2Fwp%2Fv2%2Fmedia&parent=71"}],"curies":[{"name":"wp","href":"https:\/\/api.w.org\/{rel}","templated":true}]}}