{"id":53,"date":"2016-09-08T08:51:57","date_gmt":"2016-09-08T06:51:57","guid":{"rendered":"http:\/\/wittorfer-zwergenstube.de\/?page_id=53"},"modified":"2019-10-25T11:37:22","modified_gmt":"2019-10-25T09:37:22","slug":"fotos","status":"publish","type":"page","link":"https:\/\/wittorfer-zwergenstube.de\/?page_id=53","title":{"rendered":"Fotos"},"content":{"rendered":"<p><a href=\"https:\/\/wittorfer-zwergenstube.de\/?page_id=1487\">August 2019 Hochzeit von Alena<\/a><\/p>\n<p><a href=\"https:\/\/wittorfer-zwergenstube.de\/?page_id=1469\">Bauernhofbesuch im Juni 2019<\/a><\/p>\n<p><a href=\"https:\/\/wittorfer-zwergenstube.de\/?page_id=1065\">Oktober2018_Aktionstag Au\u00dfengel\u00e4nde<\/a><\/p>\n<p><a href=\"https:\/\/wittorfer-zwergenstube.de\/?page_id=1034\">Erntewagen schm\u00fccken<\/a><\/p>\n<p><a href=\"https:\/\/wittorfer-zwergenstube.de\/?page_id=425\">Our english impressions<\/a><\/p>\n<p><a href=\"https:\/\/wittorfer-zwergenstube.de\/?page_id=432\">August 2016, wir bekommen eine Pflasterstelle zum Fahrrad fahren<\/a><\/p>\n<p><a href=\"https:\/\/wittorfer-zwergenstube.de\/?page_id=669\">Februar 2017, Flohmarkt<\/a><\/p>\n<p><a href=\"https:\/\/wittorfer-zwergenstube.de\/?page_id=757\">M\u00e4rz 2017, Ausflug zum Sch\u00e4fer<\/a><\/p>\n","protected":false},"excerpt":{"rendered":"<p>August 2019 Hochzeit von Alena Bauernhofbesuch im Juni 2019 Oktober2018_Aktionstag Au\u00dfengel\u00e4nde Erntewagen schm\u00fccken Our english impressions August 2016, wir bekommen eine Pflasterstelle zum Fahrrad fahren Februar 2017, Flohmarkt M\u00e4rz 2017, Ausflug zum Sch\u00e4fer<\/p>\n","protected":false},"author":1,"featured_media":0,"parent":0,"menu_order":0,"comment_status":"closed","ping_status":"closed","template":"","meta":{"footnotes":""},"class_list":["post-53","page","type-page","status-publish","hentry"],"_links":{"self":[{"href":"https:\/\/wittorfer-zwergenstube.de\/index.php?rest_route=\/wp\/v2\/pages\/53","targetHints":{"allow":["GET"]}}],"collection":[{"href":"https:\/\/wittorfer-zwergenstube.de\/index.php?rest_route=\/wp\/v2\/pages"}],"about":[{"href":"https:\/\/wittorfer-zwergenstube.de\/index.php?rest_route=\/wp\/v2\/types\/page"}],"author":[{"embeddable":true,"href":"https:\/\/wittorfer-zwergenstube.de\/index.php?rest_route=\/wp\/v2\/users\/1"}],"replies":[{"embeddable":true,"href":"https:\/\/wittorfer-zwergenstube.de\/index.php?rest_route=%2Fwp%2Fv2%2Fcomments&post=53"}],"version-history":[{"count":11,"href":"https:\/\/wittorfer-zwergenstube.de\/index.php?rest_route=\/wp\/v2\/pages\/53\/revisions"}],"predecessor-version":[{"id":1490,"href":"https:\/\/wittorfer-zwergenstube.de\/index.php?rest_route=\/wp\/v2\/pages\/53\/revisions\/1490"}],"wp:attachment":[{"href":"https:\/\/wittorfer-zwergenstube.de\/index.php?rest_route=%2Fwp%2Fv2%2Fmedia&parent=53"}],"curies":[{"name":"wp","href":"https:\/\/api.w.org\/{rel}","templated":true}]}}