{"id":42,"date":"2016-09-07T12:59:17","date_gmt":"2016-09-07T10:59:17","guid":{"rendered":"http:\/\/wittorfer-zwergenstube.de\/?page_id=42"},"modified":"2024-09-10T20:31:55","modified_gmt":"2024-09-10T18:31:55","slug":"baerengruppe-kindergarten","status":"publish","type":"page","link":"https:\/\/wittorfer-zwergenstube.de\/?page_id=42","title":{"rendered":"Kindergartengruppen"},"content":{"rendered":"<p>In den Kindergartengruppen werden insgesamt bis zu 58 Kinder zeitgleich von je 2<br \/>p\u00e4dagogischen Fachkr\u00e4ften betreut. <br \/>Die Kinder sind im Alter von 3 bis 6 Jahren.<br \/><br \/><\/p>\n<p style=\"text-align: left;\">Da wir eine Einrichtung mit einem englischen Schwerpunkt sind, sprechen die<br \/>Erzieher\/innen im Morgenkreis und beim Fr\u00fchst\u00fcck \u201eEnglisch\u201c und binden so die<br \/>Sprache mit in den Alltag ein. Auch andere Rituale werden in der englischen<br \/>Sprache begleitet.<br \/>Dabei wird das H\u00f6rverst\u00e4ndnis der Kinder geschult. Dies ist die<br \/>Grundvoraussetzung, damit sich die Sprachproduktion entwickeln kann. Dieses<br \/>geschieht ganz individuell und ist von Kind zu Kind unterschiedlich.<\/p>\n<p style=\"text-align: left;\">Eine gro\u00dfe Rolle nimmt bei uns aber auch das kindliche Spiel ein. Denn Spielen ist nachgewiesenerma\u00dfen die elementare Lernform des Kindes. Bei uns geht es darum, weitere Spielm\u00f6glichkeiten zu entdecken, vorhandenes Spielen weiter zu entwickeln und Lernanreize zu schaffen,<br \/>Deshalb gibt es bei uns unendlich viele Spielm\u00f6glichkeiten. Spielend baut es selbst sein Haus des Wissens und K\u00f6nnens. Wir Erwachsenen unterst\u00fctzen es dabei. Wir geben Anregungen, stellen Materialien und helfen verstehen.<\/p>\n<p style=\"text-align: left;\">Uns geht es im Kindergarten nicht um eine fr\u00fche Verschulung, sondern um die Ausbildung verschiedener Kompetenzen, die f\u00fcr den sp\u00e4teren Schulbesuch n\u00f6tig sind. Durch unsere Bildungsarbeit entwickelt sich die Schulbereitschaft, bzw. die Schulf\u00e4higkeit des Kindes.<br \/>Die &#8222;Gro\u00dfen&#8220; k\u00f6nnen ihr Wissen in verschiedenen Konstruktionsecken erweitern, fordern und f\u00f6rdern.<\/p>\n<p>Wir arbeiten teilweise gruppen\u00fcbergreifend, damit die Kinder aus allen Gruppen die Chance haben gemeinsam zu spielen und voneinander zu lernen. Auch finden regelm\u00e4\u00dfig gemeinsame Projekte statt.<br \/>Uns ist der Kontakt unter den Kindern wichtig, aber auch, dass jedes Kind seine feste Gruppe und einen nach ihrem Alter gerechten Gruppenraum hat.<\/p>\n<p style=\"text-align: left;\">Rituale im Alltagsgeschehen helfen Kindern sich zu orientieren und vermitteln Sicherheit. Aus diesem Grund legen wir viel Wert darauf, gewisse Rituale im Tagesablauf mit einzubinden. Denn nur Kinder, die sich sicher und geborgen f\u00fchlen, k\u00f6nnen ohne Probleme lernen und sich weiterentwickeln.<br \/>Nach der Familie ist die Kindertagesst\u00e4tte die erste Bildungsinstitution. Hier werden ganz wichtige Grundlagen f\u00fcr weitere Bildungsprozesse gelegt, insbesondere wird die Freude am eigenen Lernen vermittelt. Dass jedes Kind optimal gef\u00f6rdert wird, ist uns ein ganz wichtiges Anliegen.<br \/>So versuchen wir regelm\u00e4\u00dfig Angebote durchzuf\u00fchren, in denen wir die aktuellen Bed\u00fcrfnisse aller Kinder aufgreifen.<\/p>\n<p>Wir gehen viel nach drau\u00dfen, unser Au\u00dfengel\u00e4nde l\u00e4dt bei jedem Wetter zum Spielen und Entdecken ein. Wir machen Spazierg\u00e4nge oder besuchen den nahegelegenen Wald. So entdecken die Kinder ganz nebenbei die Natur und lernen die Tier-und Lebenswelt kennen.<\/p>\n<p>\u00dcber unsere Kindergartengruppen k\u00f6nnen sie noch folgendes erfahren:<\/p>\n<ul>\n<li><a href=\"https:\/\/wittorfer-zwergenstube.de\/?page_id=173\">Unser Schwerpunkt im Kindergarten<\/a><\/li>\n<li><a href=\"https:\/\/wittorfer-zwergenstube.de\/?page_id=148\">A day by the brownbears<\/a><\/li>\n<li><a href=\"https:\/\/wittorfer-zwergenstube.de\/?page_id=1154\">a day by the polarbears<\/a><\/li>\n<li>a day by the pandabears<\/li>\n<li><a href=\"https:\/\/wittorfer-zwergenstube.de\/?page_id=1151\">our little highlights<\/a><\/li>\n<\/ul>\n\n\n<p><\/p>\n","protected":false},"excerpt":{"rendered":"<p>In den Kindergartengruppen werden insgesamt bis zu 58 Kinder zeitgleich von je 2p\u00e4dagogischen Fachkr\u00e4ften betreut. Die Kinder sind im Alter von 3 bis 6 Jahren. Da wir eine Einrichtung mit einem englischen Schwerpunkt sind, sprechen dieErzieher\/innen im Morgenkreis und beim Fr\u00fchst\u00fcck \u201eEnglisch\u201c und binden so dieSprache mit in den Alltag ein. Auch andere Rituale werden [&hellip;]<\/p>\n","protected":false},"author":1,"featured_media":0,"parent":0,"menu_order":0,"comment_status":"closed","ping_status":"closed","template":"","meta":{"footnotes":""},"class_list":["post-42","page","type-page","status-publish","hentry"],"_links":{"self":[{"href":"https:\/\/wittorfer-zwergenstube.de\/index.php?rest_route=\/wp\/v2\/pages\/42","targetHints":{"allow":["GET"]}}],"collection":[{"href":"https:\/\/wittorfer-zwergenstube.de\/index.php?rest_route=\/wp\/v2\/pages"}],"about":[{"href":"https:\/\/wittorfer-zwergenstube.de\/index.php?rest_route=\/wp\/v2\/types\/page"}],"author":[{"embeddable":true,"href":"https:\/\/wittorfer-zwergenstube.de\/index.php?rest_route=\/wp\/v2\/users\/1"}],"replies":[{"embeddable":true,"href":"https:\/\/wittorfer-zwergenstube.de\/index.php?rest_route=%2Fwp%2Fv2%2Fcomments&post=42"}],"version-history":[{"count":21,"href":"https:\/\/wittorfer-zwergenstube.de\/index.php?rest_route=\/wp\/v2\/pages\/42\/revisions"}],"predecessor-version":[{"id":2002,"href":"https:\/\/wittorfer-zwergenstube.de\/index.php?rest_route=\/wp\/v2\/pages\/42\/revisions\/2002"}],"wp:attachment":[{"href":"https:\/\/wittorfer-zwergenstube.de\/index.php?rest_route=%2Fwp%2Fv2%2Fmedia&parent=42"}],"curies":[{"name":"wp","href":"https:\/\/api.w.org\/{rel}","templated":true}]}}