{"id":40,"date":"2016-09-07T12:59:00","date_gmt":"2016-09-07T10:59:00","guid":{"rendered":"http:\/\/wittorfer-zwergenstube.de\/?page_id=40"},"modified":"2018-12-04T11:39:15","modified_gmt":"2018-12-04T10:39:15","slug":"tigerentengruppe-krippe","status":"publish","type":"page","link":"https:\/\/wittorfer-zwergenstube.de\/?page_id=40","title":{"rendered":"Krippengruppen"},"content":{"rendered":"<p>Unsere beiden Krippengruppen befinden sich in unserem Hauptgeb\u00e4ude.<\/p>\n<p>Both groups are up to 15 children in the age between 8 months and 3 years.<br \/>\nIn every group three nursery nurses take care for your children.<\/p>\n<p>Wir ber\u00fccksichtigen den individuellen Entwicklungsstand eines jeden Kindes und beobachten, f\u00f6rdern und begleiten es ein St\u00fcck seines Lebens.<\/p>\n<p>Die Grundlage unserer p\u00e4dagogischen Arbeit orientiert sich an dem situationsorientiertem Ansatz und unserer Wertevermittlung. Wir helfen Ihrem Kind in seiner Selbstst\u00e4ndigkeit, sich in verschiedenen Bereichen auszuprobieren und auch, seiner Entwicklung entsprechend, Verantwortung zu \u00fcbernehmen.<br \/>\nDadurch wird Ihr Kind sehr in seinem Selbstvertrauen gest\u00e4rkt und es ist stolz auf das, was es schon kann.<\/p>\n<p>Altersgleiche Spielpartner haben vergleichbare Bed\u00fcrfnisse und F\u00e4higkeiten. Selbst 1-j\u00e4hrige Kinder interagieren bereits intensiv miteinander, wobei die gegenseitige Nachahmung eine herausragende Rolle spielt. Dies ist ein geeigneter Versuch, die eigenen Verhaltensweisen mit denen eines anderen Kindes abzustimmen.<\/p>\n<p>\u00c4ltere Spielpartner bieten Hilfestellung und Orientierung. In unserer kleinen altersgemischten Gruppe sollen Gemeinsamkeiten und Unterschiede entdeckt und dabei alterstypische Grenzen erweitert werden. Auch Konflikte geh\u00f6ren dazu. Denn Konflikte helfen Ihrem Kind, zu erkennen, dass die Bed\u00fcrfnisse einzelner Kinder verschieden sind und Regeln ausgehandelt werden m\u00fcssen, wenn man gemeinsam weiterspielen will.<\/p>\n<p>Unser Gruppenraum l\u00e4dt Ihr Kind mit seinen verschiedenen Spielecken und vielseitig bespielbaren Materialien zum Ausprobieren und Entdecken ein. Die M\u00f6glichkeiten bei uns sind gro\u00df, seiner kindlichen Bewegungsfreude nachzugehen. Auch hat Ihr Kind jederzeit die M\u00f6glichkeit sich zur\u00fcckzuziehen oder auszuruhen.<\/p>\n<p>Unser Au\u00dfengel\u00e4nde bietet bei jedem Wetter einige M\u00f6glichkeiten sich auszuprobieren und die Natur und Umwelt zu entdecken.<\/p>\n<p>Unser Tagesablauf mit seinen Ritualen und seinem gleichbleibendem Rhythmus gibt Ihrem Kind die n\u00f6tige Sicherheit und Geborgenheit, um sich wohlzuf\u00fchlen. Das gibt Ihrem Kind das n\u00f6tige Selbstvertrauen, seine Pers\u00f6nlichkeit zu entfalten und sich weiterzuentwickeln.<\/p>\n<p>\u00dcber die Krippengruppen k\u00f6nnen Sie noch folgendes erfahren:<\/p>\n<ul>\n<li><a href=\"https:\/\/wittorfer-zwergenstube.de\/?page_id=171\">Unser Schwerpunkt in der Krippe<\/a><\/li>\n<li><a href=\"https:\/\/wittorfer-zwergenstube.de\/?page_id=155\">A day by the tigerducks<\/a><\/li>\n<li><a href=\"https:\/\/wittorfer-zwergenstube.de\/?page_id=1160\">A day by the frogs<\/a><\/li>\n<\/ul>\n","protected":false},"excerpt":{"rendered":"<p>Unsere beiden Krippengruppen befinden sich in unserem Hauptgeb\u00e4ude. Both groups are up to 15 children in the age between 8 months and 3 years. In every group three nursery nurses take care for your children. Wir ber\u00fccksichtigen den individuellen Entwicklungsstand eines jeden Kindes und beobachten, f\u00f6rdern und begleiten es ein St\u00fcck seines Lebens. Die Grundlage [&hellip;]<\/p>\n","protected":false},"author":1,"featured_media":0,"parent":0,"menu_order":0,"comment_status":"closed","ping_status":"closed","template":"","meta":{"footnotes":""},"class_list":["post-40","page","type-page","status-publish","hentry"],"_links":{"self":[{"href":"https:\/\/wittorfer-zwergenstube.de\/index.php?rest_route=\/wp\/v2\/pages\/40","targetHints":{"allow":["GET"]}}],"collection":[{"href":"https:\/\/wittorfer-zwergenstube.de\/index.php?rest_route=\/wp\/v2\/pages"}],"about":[{"href":"https:\/\/wittorfer-zwergenstube.de\/index.php?rest_route=\/wp\/v2\/types\/page"}],"author":[{"embeddable":true,"href":"https:\/\/wittorfer-zwergenstube.de\/index.php?rest_route=\/wp\/v2\/users\/1"}],"replies":[{"embeddable":true,"href":"https:\/\/wittorfer-zwergenstube.de\/index.php?rest_route=%2Fwp%2Fv2%2Fcomments&post=40"}],"version-history":[{"count":11,"href":"https:\/\/wittorfer-zwergenstube.de\/index.php?rest_route=\/wp\/v2\/pages\/40\/revisions"}],"predecessor-version":[{"id":1164,"href":"https:\/\/wittorfer-zwergenstube.de\/index.php?rest_route=\/wp\/v2\/pages\/40\/revisions\/1164"}],"wp:attachment":[{"href":"https:\/\/wittorfer-zwergenstube.de\/index.php?rest_route=%2Fwp%2Fv2%2Fmedia&parent=40"}],"curies":[{"name":"wp","href":"https:\/\/api.w.org\/{rel}","templated":true}]}}