{"id":330,"date":"2017-01-23T10:39:49","date_gmt":"2017-01-23T09:39:49","guid":{"rendered":"http:\/\/wittorfer-zwergenstube.de\/?page_id=330"},"modified":"2024-09-10T20:13:11","modified_gmt":"2024-09-10T18:13:11","slug":"krippengruppe","status":"publish","type":"page","link":"https:\/\/wittorfer-zwergenstube.de\/?page_id=330","title":{"rendered":"Tigerducks and Frogs"},"content":{"rendered":"\n<h4 class=\"wp-block-heading\">In den Gruppenr\u00e4umen der Tigerenten und Fr\u00f6sche haben die Krippenkinder die M\u00f6glichkeiten in den verschiedenen Ecken zu spielen, in der H\u00fcpfecke sich frei zu bewegen und herauszufordern oder sich in der Kuschelecke einfach mal auszuruhen. <br>Die &#8222;Gro\u00dfen&#8220; Krippenkinder erkl\u00e4ren ihre Gruppenr\u00e4ume.<\/h4>\n\n\n\n<figure class=\"wp-block-gallery has-nested-images columns-0 is-cropped wp-block-gallery-1 is-layout-flex wp-block-gallery-is-layout-flex\">\n<figure class=\"wp-block-image size-large\"><img loading=\"lazy\" decoding=\"async\" width=\"400\" height=\"300\" data-id=\"1856\" src=\"https:\/\/wittorfer-zwergenstube.de\/wp-content\/uploads\/2021\/08\/IMG_6182.jpg\" alt=\"\" class=\"wp-image-1856\" srcset=\"https:\/\/wittorfer-zwergenstube.de\/wp-content\/uploads\/2021\/08\/IMG_6182.jpg 400w, https:\/\/wittorfer-zwergenstube.de\/wp-content\/uploads\/2021\/08\/IMG_6182-300x225.jpg 300w\" sizes=\"auto, (max-width: 400px) 100vw, 400px\" \/><figcaption class=\"wp-element-caption\">Das ist unser Gruppenraum.<\/figcaption><\/figure>\n\n\n\n<figure class=\"wp-block-image size-large\"><img loading=\"lazy\" decoding=\"async\" width=\"400\" height=\"300\" data-id=\"1849\" src=\"https:\/\/wittorfer-zwergenstube.de\/wp-content\/uploads\/2021\/08\/IMG_6174.jpg\" alt=\"\" class=\"wp-image-1849\" srcset=\"https:\/\/wittorfer-zwergenstube.de\/wp-content\/uploads\/2021\/08\/IMG_6174.jpg 400w, https:\/\/wittorfer-zwergenstube.de\/wp-content\/uploads\/2021\/08\/IMG_6174-300x225.jpg 300w\" sizes=\"auto, (max-width: 400px) 100vw, 400px\" \/><figcaption class=\"wp-element-caption\">Da d\u00fcrfen wir h\u00fcpfen. Und rutschen.<\/figcaption><\/figure>\n\n\n\n<figure class=\"wp-block-image size-large\"><img loading=\"lazy\" decoding=\"async\" width=\"400\" height=\"300\" data-id=\"1850\" src=\"https:\/\/wittorfer-zwergenstube.de\/wp-content\/uploads\/2021\/08\/IMG_6175.jpg\" alt=\"\" class=\"wp-image-1850\" srcset=\"https:\/\/wittorfer-zwergenstube.de\/wp-content\/uploads\/2021\/08\/IMG_6175.jpg 400w, https:\/\/wittorfer-zwergenstube.de\/wp-content\/uploads\/2021\/08\/IMG_6175-300x225.jpg 300w\" sizes=\"auto, (max-width: 400px) 100vw, 400px\" \/><figcaption class=\"wp-element-caption\">T\u00fcrme k\u00f6nnen wir bauen.<\/figcaption><\/figure>\n\n\n\n<figure class=\"wp-block-image size-large\"><img loading=\"lazy\" decoding=\"async\" width=\"400\" height=\"300\" data-id=\"1851\" src=\"https:\/\/wittorfer-zwergenstube.de\/wp-content\/uploads\/2021\/08\/IMG_6177.jpg\" alt=\"\" class=\"wp-image-1851\" srcset=\"https:\/\/wittorfer-zwergenstube.de\/wp-content\/uploads\/2021\/08\/IMG_6177.jpg 400w, https:\/\/wittorfer-zwergenstube.de\/wp-content\/uploads\/2021\/08\/IMG_6177-300x225.jpg 300w\" sizes=\"auto, (max-width: 400px) 100vw, 400px\" \/><figcaption class=\"wp-element-caption\">Das ist die Bauecke.<\/figcaption><\/figure>\n\n\n\n<figure class=\"wp-block-image size-large\"><img loading=\"lazy\" decoding=\"async\" width=\"400\" height=\"300\" data-id=\"1852\" src=\"https:\/\/wittorfer-zwergenstube.de\/wp-content\/uploads\/2021\/08\/IMG_6178.jpg\" alt=\"\" class=\"wp-image-1852\" srcset=\"https:\/\/wittorfer-zwergenstube.de\/wp-content\/uploads\/2021\/08\/IMG_6178.jpg 400w, https:\/\/wittorfer-zwergenstube.de\/wp-content\/uploads\/2021\/08\/IMG_6178-300x225.jpg 300w\" sizes=\"auto, (max-width: 400px) 100vw, 400px\" \/><figcaption class=\"wp-element-caption\">Hier kuscheln wir. Und gucken B\u00fccher an.<\/figcaption><\/figure>\n\n\n\n<figure class=\"wp-block-image size-large\"><img loading=\"lazy\" decoding=\"async\" width=\"400\" height=\"300\" data-id=\"1853\" src=\"https:\/\/wittorfer-zwergenstube.de\/wp-content\/uploads\/2021\/08\/IMG_6179.jpg\" alt=\"\" class=\"wp-image-1853\" srcset=\"https:\/\/wittorfer-zwergenstube.de\/wp-content\/uploads\/2021\/08\/IMG_6179.jpg 400w, https:\/\/wittorfer-zwergenstube.de\/wp-content\/uploads\/2021\/08\/IMG_6179-300x225.jpg 300w\" sizes=\"auto, (max-width: 400px) 100vw, 400px\" \/><figcaption class=\"wp-element-caption\">Da schl\u00e4ft die Puppe.<\/figcaption><\/figure>\n\n\n\n<figure class=\"wp-block-image size-large\"><img loading=\"lazy\" decoding=\"async\" width=\"400\" height=\"300\" data-id=\"1854\" src=\"https:\/\/wittorfer-zwergenstube.de\/wp-content\/uploads\/2021\/08\/IMG_6180.jpg\" alt=\"\" class=\"wp-image-1854\" srcset=\"https:\/\/wittorfer-zwergenstube.de\/wp-content\/uploads\/2021\/08\/IMG_6180.jpg 400w, https:\/\/wittorfer-zwergenstube.de\/wp-content\/uploads\/2021\/08\/IMG_6180-300x225.jpg 300w\" sizes=\"auto, (max-width: 400px) 100vw, 400px\" \/><figcaption class=\"wp-element-caption\">In der Puppenecke kochen wir.<\/figcaption><\/figure>\n\n\n\n<figure class=\"wp-block-image size-large\"><img loading=\"lazy\" decoding=\"async\" width=\"400\" height=\"300\" data-id=\"1855\" src=\"https:\/\/wittorfer-zwergenstube.de\/wp-content\/uploads\/2021\/08\/IMG_6181.jpg\" alt=\"\" class=\"wp-image-1855\" srcset=\"https:\/\/wittorfer-zwergenstube.de\/wp-content\/uploads\/2021\/08\/IMG_6181.jpg 400w, https:\/\/wittorfer-zwergenstube.de\/wp-content\/uploads\/2021\/08\/IMG_6181-300x225.jpg 300w\" sizes=\"auto, (max-width: 400px) 100vw, 400px\" \/><figcaption class=\"wp-element-caption\">Und hier puzzeln wir.<\/figcaption><\/figure>\n\n\n\n<figure class=\"wp-block-image size-large\"><img loading=\"lazy\" decoding=\"async\" width=\"400\" height=\"300\" data-id=\"1884\" src=\"https:\/\/wittorfer-zwergenstube.de\/wp-content\/uploads\/2021\/09\/IMG_6526.jpg\" alt=\"\" class=\"wp-image-1884\" srcset=\"https:\/\/wittorfer-zwergenstube.de\/wp-content\/uploads\/2021\/09\/IMG_6526.jpg 400w, https:\/\/wittorfer-zwergenstube.de\/wp-content\/uploads\/2021\/09\/IMG_6526-300x225.jpg 300w\" sizes=\"auto, (max-width: 400px) 100vw, 400px\" \/><figcaption class=\"wp-element-caption\">Hier haben wir ganz viel Platz&#8230;<\/figcaption><\/figure>\n\n\n\n<figure class=\"wp-block-image size-large\"><img loading=\"lazy\" decoding=\"async\" width=\"400\" height=\"300\" data-id=\"1881\" src=\"https:\/\/wittorfer-zwergenstube.de\/wp-content\/uploads\/2021\/09\/IMG_6523.jpg\" alt=\"\" class=\"wp-image-1881\" srcset=\"https:\/\/wittorfer-zwergenstube.de\/wp-content\/uploads\/2021\/09\/IMG_6523.jpg 400w, https:\/\/wittorfer-zwergenstube.de\/wp-content\/uploads\/2021\/09\/IMG_6523-300x225.jpg 300w\" sizes=\"auto, (max-width: 400px) 100vw, 400px\" \/><figcaption class=\"wp-element-caption\">..zum Turnen.<\/figcaption><\/figure>\n\n\n\n<figure class=\"wp-block-image size-large\"><img loading=\"lazy\" decoding=\"async\" width=\"400\" height=\"300\" data-id=\"1882\" src=\"https:\/\/wittorfer-zwergenstube.de\/wp-content\/uploads\/2021\/09\/IMG_6524.jpg\" alt=\"\" class=\"wp-image-1882\" srcset=\"https:\/\/wittorfer-zwergenstube.de\/wp-content\/uploads\/2021\/09\/IMG_6524.jpg 400w, https:\/\/wittorfer-zwergenstube.de\/wp-content\/uploads\/2021\/09\/IMG_6524-300x225.jpg 300w\" sizes=\"auto, (max-width: 400px) 100vw, 400px\" \/><figcaption class=\"wp-element-caption\">&#8230; mit den B\u00e4llen zu spielen.<\/figcaption><\/figure>\n\n\n\n<figure class=\"wp-block-image size-large\"><img loading=\"lazy\" decoding=\"async\" width=\"400\" height=\"300\" data-id=\"1883\" src=\"https:\/\/wittorfer-zwergenstube.de\/wp-content\/uploads\/2021\/09\/IMG_6525.jpg\" alt=\"\" class=\"wp-image-1883\" srcset=\"https:\/\/wittorfer-zwergenstube.de\/wp-content\/uploads\/2021\/09\/IMG_6525.jpg 400w, https:\/\/wittorfer-zwergenstube.de\/wp-content\/uploads\/2021\/09\/IMG_6525-300x225.jpg 300w\" sizes=\"auto, (max-width: 400px) 100vw, 400px\" \/><figcaption class=\"wp-element-caption\">&#8230; uns auszuprobieren.<\/figcaption><\/figure>\n<\/figure>\n","protected":false},"excerpt":{"rendered":"<p>In den Gruppenr\u00e4umen der Tigerenten und Fr\u00f6sche haben die Krippenkinder die M\u00f6glichkeiten in den verschiedenen Ecken zu spielen, in der H\u00fcpfecke sich frei zu bewegen und herauszufordern oder sich in der Kuschelecke einfach mal auszuruhen. Die &#8222;Gro\u00dfen&#8220; Krippenkinder erkl\u00e4ren ihre Gruppenr\u00e4ume.<\/p>\n","protected":false},"author":1,"featured_media":0,"parent":0,"menu_order":0,"comment_status":"closed","ping_status":"closed","template":"","meta":{"footnotes":""},"class_list":["post-330","page","type-page","status-publish","hentry"],"_links":{"self":[{"href":"https:\/\/wittorfer-zwergenstube.de\/index.php?rest_route=\/wp\/v2\/pages\/330","targetHints":{"allow":["GET"]}}],"collection":[{"href":"https:\/\/wittorfer-zwergenstube.de\/index.php?rest_route=\/wp\/v2\/pages"}],"about":[{"href":"https:\/\/wittorfer-zwergenstube.de\/index.php?rest_route=\/wp\/v2\/types\/page"}],"author":[{"embeddable":true,"href":"https:\/\/wittorfer-zwergenstube.de\/index.php?rest_route=\/wp\/v2\/users\/1"}],"replies":[{"embeddable":true,"href":"https:\/\/wittorfer-zwergenstube.de\/index.php?rest_route=%2Fwp%2Fv2%2Fcomments&post=330"}],"version-history":[{"count":14,"href":"https:\/\/wittorfer-zwergenstube.de\/index.php?rest_route=\/wp\/v2\/pages\/330\/revisions"}],"predecessor-version":[{"id":1994,"href":"https:\/\/wittorfer-zwergenstube.de\/index.php?rest_route=\/wp\/v2\/pages\/330\/revisions\/1994"}],"wp:attachment":[{"href":"https:\/\/wittorfer-zwergenstube.de\/index.php?rest_route=%2Fwp%2Fv2%2Fmedia&parent=330"}],"curies":[{"name":"wp","href":"https:\/\/api.w.org\/{rel}","templated":true}]}}