{"id":2004,"date":"2024-09-10T20:53:30","date_gmt":"2024-09-10T18:53:30","guid":{"rendered":"https:\/\/wittorfer-zwergenstube.de\/?page_id=2004"},"modified":"2024-09-30T21:08:11","modified_gmt":"2024-09-30T19:08:11","slug":"pandabears","status":"publish","type":"page","link":"https:\/\/wittorfer-zwergenstube.de\/?page_id=2004","title":{"rendered":"pandabears"},"content":{"rendered":"\n<p>Im Gruppenraum der \u201epandabears\u201c haben die Kinder Platz zum spielen, entdecken, kreativ sein, sich auszuprobieren, zur\u00fcck zu ziehen&#8230; Die Kinder beschreiben ihren Gruppenraum.<\/p>\n\n\n\n<p class=\"has-text-align-center\"><\/p>\n\n\n<div class=\"wp-block-image\">\n<figure class=\"aligncenter is-resized\"><img loading=\"lazy\" decoding=\"async\" width=\"768\" height=\"1024\" src=\"https:\/\/wittorfer-zwergenstube.de\/wp-content\/uploads\/2024\/09\/20240920_104226-768x1024.jpg\" alt=\"\" class=\"wp-image-2031\" style=\"width:215px;height:auto\" srcset=\"https:\/\/wittorfer-zwergenstube.de\/wp-content\/uploads\/2024\/09\/20240920_104226-768x1024.jpg 768w, https:\/\/wittorfer-zwergenstube.de\/wp-content\/uploads\/2024\/09\/20240920_104226-225x300.jpg 225w, https:\/\/wittorfer-zwergenstube.de\/wp-content\/uploads\/2024\/09\/20240920_104226-1152x1536.jpg 1152w, https:\/\/wittorfer-zwergenstube.de\/wp-content\/uploads\/2024\/09\/20240920_104226-1536x2048.jpg 1536w, https:\/\/wittorfer-zwergenstube.de\/wp-content\/uploads\/2024\/09\/20240920_104226-624x832.jpg 624w, https:\/\/wittorfer-zwergenstube.de\/wp-content\/uploads\/2024\/09\/20240920_104226-scaled.jpg 1920w\" sizes=\"auto, (max-width: 768px) 100vw, 768px\" \/><figcaption class=\"wp-element-caption\">Hier gehen wir rein.<\/figcaption><\/figure>\n<\/div>\n\n\n<figure class=\"wp-block-gallery has-nested-images columns-default is-cropped wp-block-gallery-1 is-layout-flex wp-block-gallery-is-layout-flex\">\n<figure class=\"wp-block-image size-large\"><img loading=\"lazy\" decoding=\"async\" width=\"1024\" height=\"768\" data-id=\"2033\" src=\"https:\/\/wittorfer-zwergenstube.de\/wp-content\/uploads\/2024\/09\/20240920_104036-1024x768.jpg\" alt=\"\" class=\"wp-image-2033\" srcset=\"https:\/\/wittorfer-zwergenstube.de\/wp-content\/uploads\/2024\/09\/20240920_104036-1024x768.jpg 1024w, https:\/\/wittorfer-zwergenstube.de\/wp-content\/uploads\/2024\/09\/20240920_104036-300x225.jpg 300w, https:\/\/wittorfer-zwergenstube.de\/wp-content\/uploads\/2024\/09\/20240920_104036-768x576.jpg 768w, https:\/\/wittorfer-zwergenstube.de\/wp-content\/uploads\/2024\/09\/20240920_104036-1536x1152.jpg 1536w, https:\/\/wittorfer-zwergenstube.de\/wp-content\/uploads\/2024\/09\/20240920_104036-2048x1536.jpg 2048w, https:\/\/wittorfer-zwergenstube.de\/wp-content\/uploads\/2024\/09\/20240920_104036-624x468.jpg 624w\" sizes=\"auto, (max-width: 1024px) 100vw, 1024px\" \/><figcaption class=\"wp-element-caption\">Da k\u00f6nnen wir bauen und mit Lego spielen. Und wir machen den Morgenkreis.<\/figcaption><\/figure>\n\n\n\n<figure class=\"wp-block-image size-large\"><img loading=\"lazy\" decoding=\"async\" width=\"1024\" height=\"768\" data-id=\"2030\" src=\"https:\/\/wittorfer-zwergenstube.de\/wp-content\/uploads\/2024\/09\/20240920_104119-1024x768.jpg\" alt=\"\" class=\"wp-image-2030\" srcset=\"https:\/\/wittorfer-zwergenstube.de\/wp-content\/uploads\/2024\/09\/20240920_104119-1024x768.jpg 1024w, https:\/\/wittorfer-zwergenstube.de\/wp-content\/uploads\/2024\/09\/20240920_104119-300x225.jpg 300w, https:\/\/wittorfer-zwergenstube.de\/wp-content\/uploads\/2024\/09\/20240920_104119-768x576.jpg 768w, https:\/\/wittorfer-zwergenstube.de\/wp-content\/uploads\/2024\/09\/20240920_104119-1536x1152.jpg 1536w, https:\/\/wittorfer-zwergenstube.de\/wp-content\/uploads\/2024\/09\/20240920_104119-2048x1536.jpg 2048w, https:\/\/wittorfer-zwergenstube.de\/wp-content\/uploads\/2024\/09\/20240920_104119-624x468.jpg 624w\" sizes=\"auto, (max-width: 1024px) 100vw, 1024px\" \/><figcaption class=\"wp-element-caption\">Wir spielen &#8222;Mutter-Vater-Kind&#8220; und kochen.<\/figcaption><\/figure>\n\n\n\n<figure class=\"wp-block-image size-large\"><img loading=\"lazy\" decoding=\"async\" width=\"1024\" height=\"768\" data-id=\"2034\" src=\"https:\/\/wittorfer-zwergenstube.de\/wp-content\/uploads\/2024\/09\/20240920_104048-1024x768.jpg\" alt=\"\" class=\"wp-image-2034\" srcset=\"https:\/\/wittorfer-zwergenstube.de\/wp-content\/uploads\/2024\/09\/20240920_104048-1024x768.jpg 1024w, https:\/\/wittorfer-zwergenstube.de\/wp-content\/uploads\/2024\/09\/20240920_104048-300x225.jpg 300w, https:\/\/wittorfer-zwergenstube.de\/wp-content\/uploads\/2024\/09\/20240920_104048-768x576.jpg 768w, https:\/\/wittorfer-zwergenstube.de\/wp-content\/uploads\/2024\/09\/20240920_104048-1536x1152.jpg 1536w, https:\/\/wittorfer-zwergenstube.de\/wp-content\/uploads\/2024\/09\/20240920_104048-2048x1536.jpg 2048w, https:\/\/wittorfer-zwergenstube.de\/wp-content\/uploads\/2024\/09\/20240920_104048-624x468.jpg 624w\" sizes=\"auto, (max-width: 1024px) 100vw, 1024px\" \/><figcaption class=\"wp-element-caption\">Da lesen wir B\u00fccher oder legen uns hin.<\/figcaption><\/figure>\n\n\n\n<figure class=\"wp-block-image size-large\"><img loading=\"lazy\" decoding=\"async\" width=\"1024\" height=\"768\" data-id=\"2036\" src=\"https:\/\/wittorfer-zwergenstube.de\/wp-content\/uploads\/2024\/09\/20240920_104138-1024x768.jpg\" alt=\"\" class=\"wp-image-2036\" srcset=\"https:\/\/wittorfer-zwergenstube.de\/wp-content\/uploads\/2024\/09\/20240920_104138-1024x768.jpg 1024w, https:\/\/wittorfer-zwergenstube.de\/wp-content\/uploads\/2024\/09\/20240920_104138-300x225.jpg 300w, https:\/\/wittorfer-zwergenstube.de\/wp-content\/uploads\/2024\/09\/20240920_104138-768x576.jpg 768w, https:\/\/wittorfer-zwergenstube.de\/wp-content\/uploads\/2024\/09\/20240920_104138-1536x1152.jpg 1536w, https:\/\/wittorfer-zwergenstube.de\/wp-content\/uploads\/2024\/09\/20240920_104138-2048x1536.jpg 2048w, https:\/\/wittorfer-zwergenstube.de\/wp-content\/uploads\/2024\/09\/20240920_104138-624x468.jpg 624w\" sizes=\"auto, (max-width: 1024px) 100vw, 1024px\" \/><figcaption class=\"wp-element-caption\">Das ist meine Gruppe. Hier k\u00f6nnen wir spielen. An den Tischen fr\u00fchst\u00fccken wir oder puzzeln oder spielen Spiele. Wir k\u00f6nnen auch malen.<\/figcaption><\/figure>\n<\/figure>\n\n\n\n<p><\/p>\n","protected":false},"excerpt":{"rendered":"<p>Im Gruppenraum der \u201epandabears\u201c haben die Kinder Platz zum spielen, entdecken, kreativ sein, sich auszuprobieren, zur\u00fcck zu ziehen&#8230; Die Kinder beschreiben ihren Gruppenraum.<\/p>\n","protected":false},"author":1,"featured_media":0,"parent":0,"menu_order":0,"comment_status":"closed","ping_status":"closed","template":"","meta":{"footnotes":""},"class_list":["post-2004","page","type-page","status-publish","hentry"],"_links":{"self":[{"href":"https:\/\/wittorfer-zwergenstube.de\/index.php?rest_route=\/wp\/v2\/pages\/2004","targetHints":{"allow":["GET"]}}],"collection":[{"href":"https:\/\/wittorfer-zwergenstube.de\/index.php?rest_route=\/wp\/v2\/pages"}],"about":[{"href":"https:\/\/wittorfer-zwergenstube.de\/index.php?rest_route=\/wp\/v2\/types\/page"}],"author":[{"embeddable":true,"href":"https:\/\/wittorfer-zwergenstube.de\/index.php?rest_route=\/wp\/v2\/users\/1"}],"replies":[{"embeddable":true,"href":"https:\/\/wittorfer-zwergenstube.de\/index.php?rest_route=%2Fwp%2Fv2%2Fcomments&post=2004"}],"version-history":[{"count":5,"href":"https:\/\/wittorfer-zwergenstube.de\/index.php?rest_route=\/wp\/v2\/pages\/2004\/revisions"}],"predecessor-version":[{"id":2040,"href":"https:\/\/wittorfer-zwergenstube.de\/index.php?rest_route=\/wp\/v2\/pages\/2004\/revisions\/2040"}],"wp:attachment":[{"href":"https:\/\/wittorfer-zwergenstube.de\/index.php?rest_route=%2Fwp%2Fv2%2Fmedia&parent=2004"}],"curies":[{"name":"wp","href":"https:\/\/api.w.org\/{rel}","templated":true}]}}