{"id":190,"date":"2016-10-13T10:39:36","date_gmt":"2016-10-13T08:39:36","guid":{"rendered":"http:\/\/wittorfer-zwergenstube.de\/?page_id=190"},"modified":"2017-01-31T10:39:19","modified_gmt":"2017-01-31T09:39:19","slug":"zusammenarbeit-mit-sonstigen-institutionen","status":"publish","type":"page","link":"https:\/\/wittorfer-zwergenstube.de\/?page_id=190","title":{"rendered":"Zusammenarbeit mit weiteren Institutionen"},"content":{"rendered":"<p style=\"text-align: left;\">Wir arbeiten eng mit den Wittorfer Vereinen, wie dem Sch\u00fctzenverein oder dem Sportverein zusammen.<\/p>\n<p>Wir beteiligen uns unter anderem an den Sch\u00fctzenfesten mit einem Auftritt oder an den Erntefesten mit geschm\u00fcckten Wagen beim Umzug.<\/p>\n<p style=\"text-align: left;\">Au\u00dferdem organisieren wir mit dem Sportverein unser j\u00e4hrliches Laterne laufen.<\/p>\n<p style=\"text-align: left;\">Bei Veranstaltungen des Ortes beteiligen wir uns auch gerne.<\/p>\n","protected":false},"excerpt":{"rendered":"<p>Wir arbeiten eng mit den Wittorfer Vereinen, wie dem Sch\u00fctzenverein oder dem Sportverein zusammen. Wir beteiligen uns unter anderem an den Sch\u00fctzenfesten mit einem Auftritt oder an den Erntefesten mit geschm\u00fcckten Wagen beim Umzug. Au\u00dferdem organisieren wir mit dem Sportverein unser j\u00e4hrliches Laterne laufen. Bei Veranstaltungen des Ortes beteiligen wir uns auch gerne.<\/p>\n","protected":false},"author":1,"featured_media":0,"parent":0,"menu_order":0,"comment_status":"closed","ping_status":"closed","template":"","meta":{"footnotes":""},"class_list":["post-190","page","type-page","status-publish","hentry"],"_links":{"self":[{"href":"https:\/\/wittorfer-zwergenstube.de\/index.php?rest_route=\/wp\/v2\/pages\/190","targetHints":{"allow":["GET"]}}],"collection":[{"href":"https:\/\/wittorfer-zwergenstube.de\/index.php?rest_route=\/wp\/v2\/pages"}],"about":[{"href":"https:\/\/wittorfer-zwergenstube.de\/index.php?rest_route=\/wp\/v2\/types\/page"}],"author":[{"embeddable":true,"href":"https:\/\/wittorfer-zwergenstube.de\/index.php?rest_route=\/wp\/v2\/users\/1"}],"replies":[{"embeddable":true,"href":"https:\/\/wittorfer-zwergenstube.de\/index.php?rest_route=%2Fwp%2Fv2%2Fcomments&post=190"}],"version-history":[{"count":5,"href":"https:\/\/wittorfer-zwergenstube.de\/index.php?rest_route=\/wp\/v2\/pages\/190\/revisions"}],"predecessor-version":[{"id":401,"href":"https:\/\/wittorfer-zwergenstube.de\/index.php?rest_route=\/wp\/v2\/pages\/190\/revisions\/401"}],"wp:attachment":[{"href":"https:\/\/wittorfer-zwergenstube.de\/index.php?rest_route=%2Fwp%2Fv2%2Fmedia&parent=190"}],"curies":[{"name":"wp","href":"https:\/\/api.w.org\/{rel}","templated":true}]}}