{"id":1897,"date":"2021-12-02T10:36:15","date_gmt":"2021-12-02T09:36:15","guid":{"rendered":"http:\/\/wittorfer-zwergenstube.de\/?page_id=1897"},"modified":"2021-12-02T10:44:50","modified_gmt":"2021-12-02T09:44:50","slug":"wir-bekommen-einen-balancierpfad","status":"publish","type":"page","link":"https:\/\/wittorfer-zwergenstube.de\/?page_id=1897","title":{"rendered":"Wir bekommen einen Balancierpfad"},"content":{"rendered":"\n<p>In der letzten Woche haben wir eine tolle Spende f\u00fcr unsere Kita erhalten.<br> Und zwar haben wir Eichenst\u00e4mme f\u00fcr einen Balancierpfad erhalten.<br><\/p>\n\n\n\n<figure class=\"wp-block-image size-large is-resized\"><img loading=\"lazy\" decoding=\"async\" src=\"https:\/\/wittorfer-zwergenstube.de\/wp-content\/uploads\/2021\/12\/IMG_4520-1024x768.jpg\" alt=\"\" class=\"wp-image-1902\" width=\"174\" height=\"130\" srcset=\"https:\/\/wittorfer-zwergenstube.de\/wp-content\/uploads\/2021\/12\/IMG_4520-1024x768.jpg 1024w, https:\/\/wittorfer-zwergenstube.de\/wp-content\/uploads\/2021\/12\/IMG_4520-300x225.jpg 300w, https:\/\/wittorfer-zwergenstube.de\/wp-content\/uploads\/2021\/12\/IMG_4520-768x576.jpg 768w, https:\/\/wittorfer-zwergenstube.de\/wp-content\/uploads\/2021\/12\/IMG_4520-1536x1152.jpg 1536w, https:\/\/wittorfer-zwergenstube.de\/wp-content\/uploads\/2021\/12\/IMG_4520-2048x1536.jpg 2048w, https:\/\/wittorfer-zwergenstube.de\/wp-content\/uploads\/2021\/12\/IMG_4520-624x468.jpg 624w\" sizes=\"auto, (max-width: 174px) 100vw, 174px\" \/><\/figure>\n\n\n\n<p>Nun war es am Wochenende soweit, dass einige Erzieherinnen von uns in Zusammenarbeit mit dem Elternbeirat diese St\u00e4mme in die Erde gesetzt haben.<\/p>\n\n\n\n<p>Es sind tolle Balancierpfade f\u00fcr die Kinder entstanden. Auch konnten wir noch eine Sitzecke auf beiden Au\u00dfengel\u00e4nden initiieren.<\/p>\n\n\n\n<p>Die Balancierpfade schulen das Gleichgewicht der Kinder. Es ist gar nicht so einfach, von einem Stamm zum n\u00e4chsten zu kommen.<\/p>\n\n\n\n<figure class=\"wp-block-gallery columns-3 is-cropped wp-block-gallery-1 is-layout-flex wp-block-gallery-is-layout-flex\"><ul class=\"blocks-gallery-grid\"><li class=\"blocks-gallery-item\"><figure><img loading=\"lazy\" decoding=\"async\" width=\"994\" height=\"1024\" src=\"https:\/\/wittorfer-zwergenstube.de\/wp-content\/uploads\/2021\/12\/Unbenannt-994x1024.jpg\" alt=\"\" data-id=\"1905\" data-full-url=\"https:\/\/wittorfer-zwergenstube.de\/wp-content\/uploads\/2021\/12\/Unbenannt.jpg\" data-link=\"https:\/\/wittorfer-zwergenstube.de\/?attachment_id=1905\" class=\"wp-image-1905\" srcset=\"https:\/\/wittorfer-zwergenstube.de\/wp-content\/uploads\/2021\/12\/Unbenannt-994x1024.jpg 994w, https:\/\/wittorfer-zwergenstube.de\/wp-content\/uploads\/2021\/12\/Unbenannt-291x300.jpg 291w, https:\/\/wittorfer-zwergenstube.de\/wp-content\/uploads\/2021\/12\/Unbenannt-768x791.jpg 768w, https:\/\/wittorfer-zwergenstube.de\/wp-content\/uploads\/2021\/12\/Unbenannt-1491x1536.jpg 1491w, https:\/\/wittorfer-zwergenstube.de\/wp-content\/uploads\/2021\/12\/Unbenannt-1988x2048.jpg 1988w, https:\/\/wittorfer-zwergenstube.de\/wp-content\/uploads\/2021\/12\/Unbenannt-624x643.jpg 624w\" sizes=\"auto, (max-width: 994px) 100vw, 994px\" \/><\/figure><\/li><li class=\"blocks-gallery-item\"><figure><img loading=\"lazy\" decoding=\"async\" width=\"1024\" height=\"768\" src=\"https:\/\/wittorfer-zwergenstube.de\/wp-content\/uploads\/2021\/12\/IMG_4574-1024x768.jpg\" alt=\"\" data-id=\"1904\" data-full-url=\"https:\/\/wittorfer-zwergenstube.de\/wp-content\/uploads\/2021\/12\/IMG_4574-scaled.jpg\" data-link=\"https:\/\/wittorfer-zwergenstube.de\/?attachment_id=1904\" class=\"wp-image-1904\" srcset=\"https:\/\/wittorfer-zwergenstube.de\/wp-content\/uploads\/2021\/12\/IMG_4574-1024x768.jpg 1024w, https:\/\/wittorfer-zwergenstube.de\/wp-content\/uploads\/2021\/12\/IMG_4574-300x225.jpg 300w, https:\/\/wittorfer-zwergenstube.de\/wp-content\/uploads\/2021\/12\/IMG_4574-768x576.jpg 768w, https:\/\/wittorfer-zwergenstube.de\/wp-content\/uploads\/2021\/12\/IMG_4574-1536x1152.jpg 1536w, https:\/\/wittorfer-zwergenstube.de\/wp-content\/uploads\/2021\/12\/IMG_4574-2048x1536.jpg 2048w, https:\/\/wittorfer-zwergenstube.de\/wp-content\/uploads\/2021\/12\/IMG_4574-624x468.jpg 624w\" sizes=\"auto, (max-width: 1024px) 100vw, 1024px\" \/><\/figure><\/li><li class=\"blocks-gallery-item\"><figure><img loading=\"lazy\" decoding=\"async\" width=\"1024\" height=\"768\" src=\"https:\/\/wittorfer-zwergenstube.de\/wp-content\/uploads\/2021\/12\/IMG_4565-1024x768.jpg\" alt=\"\" data-id=\"1903\" data-full-url=\"https:\/\/wittorfer-zwergenstube.de\/wp-content\/uploads\/2021\/12\/IMG_4565-scaled.jpg\" data-link=\"https:\/\/wittorfer-zwergenstube.de\/?attachment_id=1903\" class=\"wp-image-1903\" srcset=\"https:\/\/wittorfer-zwergenstube.de\/wp-content\/uploads\/2021\/12\/IMG_4565-1024x768.jpg 1024w, https:\/\/wittorfer-zwergenstube.de\/wp-content\/uploads\/2021\/12\/IMG_4565-300x225.jpg 300w, https:\/\/wittorfer-zwergenstube.de\/wp-content\/uploads\/2021\/12\/IMG_4565-768x576.jpg 768w, https:\/\/wittorfer-zwergenstube.de\/wp-content\/uploads\/2021\/12\/IMG_4565-1536x1152.jpg 1536w, https:\/\/wittorfer-zwergenstube.de\/wp-content\/uploads\/2021\/12\/IMG_4565-2048x1536.jpg 2048w, https:\/\/wittorfer-zwergenstube.de\/wp-content\/uploads\/2021\/12\/IMG_4565-624x468.jpg 624w\" sizes=\"auto, (max-width: 1024px) 100vw, 1024px\" \/><\/figure><\/li><\/ul><\/figure>\n\n\n\n<p>So kamen die Balancierpfade und Sitzecken bei den Kindern an:<\/p>\n\n\n\n<p>Ich liebe diesen Parcours, ich m\u00f6chte den ganzen Tag hier drauf gehen.<br>Ich kann das noch nicht so gut, aber meine Freundin h\u00e4lt mich fest.<br>Ich \u00fcbe das jetzt. Dann bin ich ein Profi.<br>Hier k\u00f6nnen wir zusammen sitzen. Das ist toll.<br>Waaa, ich wackel, ich wackel,\u2026 Juhu, ich bin nicht runtergefallen.<\/p>\n\n\n\n<p>Die Kinder sind begeistert\u2026<br><strong>Deshalb e<\/strong><strong>in riesengro\u00dfes Dankesch\u00f6n nat\u00fcrlich an unsere Sponsoren.<\/strong><br>Wir haben die Eichenst\u00e4mme fertig ges\u00e4gt geliefert bekommen. Bis unters Dach.<br>Auch konnte der Elternbeirat einen Erdbohrer kosteng\u00fcnstig leihen, sodass die Arbeit schnell und einfach von der Hand ging.<br>Und nat\u00fcrlich gilt der Dank auch unserem Elternbeirat, der sich so schnell um unsere W\u00fcnsche gek\u00fcmmert hat und tatkr\u00e4ftig beim Buddeln unterst\u00fctzt hat.<\/p>\n\n\n\n<p>Ohne so eine gute Zusammenarbeit mit dem Elternbeirat, aber auch den Firmen bzw. Einwohnern des Dorfes, w\u00e4re so etwas gar nicht machbar.<\/p>\n\n\n\n<h2 class=\"wp-block-heading\">THANK YOU !!!!<\/h2>\n\n\n\n<p><\/p>\n\n\n\n<p><\/p>\n","protected":false},"excerpt":{"rendered":"<p>In der letzten Woche haben wir eine tolle Spende f\u00fcr unsere Kita erhalten. Und zwar haben wir Eichenst\u00e4mme f\u00fcr einen Balancierpfad erhalten. Nun war es am Wochenende soweit, dass einige Erzieherinnen von uns in Zusammenarbeit mit dem Elternbeirat diese St\u00e4mme in die Erde gesetzt haben. Es sind tolle Balancierpfade f\u00fcr die Kinder entstanden. Auch konnten [&hellip;]<\/p>\n","protected":false},"author":1,"featured_media":0,"parent":0,"menu_order":0,"comment_status":"closed","ping_status":"closed","template":"","meta":{"footnotes":""},"class_list":["post-1897","page","type-page","status-publish","hentry"],"_links":{"self":[{"href":"https:\/\/wittorfer-zwergenstube.de\/index.php?rest_route=\/wp\/v2\/pages\/1897","targetHints":{"allow":["GET"]}}],"collection":[{"href":"https:\/\/wittorfer-zwergenstube.de\/index.php?rest_route=\/wp\/v2\/pages"}],"about":[{"href":"https:\/\/wittorfer-zwergenstube.de\/index.php?rest_route=\/wp\/v2\/types\/page"}],"author":[{"embeddable":true,"href":"https:\/\/wittorfer-zwergenstube.de\/index.php?rest_route=\/wp\/v2\/users\/1"}],"replies":[{"embeddable":true,"href":"https:\/\/wittorfer-zwergenstube.de\/index.php?rest_route=%2Fwp%2Fv2%2Fcomments&post=1897"}],"version-history":[{"count":3,"href":"https:\/\/wittorfer-zwergenstube.de\/index.php?rest_route=\/wp\/v2\/pages\/1897\/revisions"}],"predecessor-version":[{"id":1906,"href":"https:\/\/wittorfer-zwergenstube.de\/index.php?rest_route=\/wp\/v2\/pages\/1897\/revisions\/1906"}],"wp:attachment":[{"href":"https:\/\/wittorfer-zwergenstube.de\/index.php?rest_route=%2Fwp%2Fv2%2Fmedia&parent=1897"}],"curies":[{"name":"wp","href":"https:\/\/api.w.org\/{rel}","templated":true}]}}