{"id":173,"date":"2016-10-12T10:47:18","date_gmt":"2016-10-12T08:47:18","guid":{"rendered":"http:\/\/wittorfer-zwergenstube.de\/?page_id=173"},"modified":"2021-08-25T08:01:37","modified_gmt":"2021-08-25T06:01:37","slug":"unser-schwerpunkt-im-kindergarten","status":"publish","type":"page","link":"https:\/\/wittorfer-zwergenstube.de\/?page_id=173","title":{"rendered":"Unser Schwerpunkt im Kindergarten"},"content":{"rendered":"<p>Da wir eine Einrichtung mit dem Schwerpunkt englisch sind, steht bei uns in den Kindergartengruppen nat\u00fcrlich die Sprache im Mittelpunkt.<br \/>\nGerade durch viel sprachlichen Input k\u00f6nnen wir Ihren Kindern einen breit angelegten Wortschatz und ein gutes H\u00f6rverst\u00e4ndnis vermitteln. Wir k\u00f6nnen ihnen die Angst vor dem Sprechen nehmen und jedes Kind nach seinen Bed\u00fcrfnissen f\u00f6rdern, denn der Gebrauch von Sprache f\u00f6rdert die geistige Entwicklung.<br \/>\nUnd das in Deutsch und in Englisch.<br \/>\nWir schauen mit ihren Kindern gemeinsam Bilderb\u00fccher an, stellen uns als &#8222;Sekret\u00e4rinnen&#8220; zur Verf\u00fcgung, lernen Lieder und Reime oder erfinden &#8222;Quatschw\u00f6rter&#8220;. Dadurch werden unter anderem Sprachanreize geschaffen.<br \/>\nWir begleiten den &#8222;Morning circle&#8220; und unser Fr\u00fchst\u00fcck auf Englisch. Genauso werden andere Rituale in der englischen Sprache begleitet.<br \/>\nJedes Kind lernt unterschiedlich und nimmt die Sprachen in seinem eigenen Tempo auf.<\/p>\n<p>Aber nicht nur das Sprechen ist wichtig. Wir z\u00e4hlen auch die Schriftsprache dazu. Wir versuchen vieles in den Gruppenr\u00e4umen und im gesamten Kindergarten durch schriftliche Benennungen zu verdeutlichen. Auch dieses geschieht in der deutschen und englischen Sprache. Unter anderem sind z.B. die verschiedenen Spielecken benannt (&#8222;doll corner&#8220;, &#8222;craft table&#8220;, &#8222;building corner&#8220;), Gegenst\u00e4nde bekommen K\u00e4rtchen, auf denen der Name steht.<\/p>\n<p>Auch lernen die Kinder ihren eigenen und den Namen der anderen Kinder kennen, indem sie die Gelegenheit bekommen, die Buchstaben der Namen abzuschreiben. So entstehen die ersten Schreibversuche.<\/p>\n<p>Kinderfragen werden von uns ernst genommen und beantwortet. Denn auch so lernt man die Welt zu verstehen.<\/p>\n<p><em><span style=\"color: #008000;\">&#8222;Wichtig ist, dass man nicht aufh\u00f6rt zu fragen.&#8220;<\/span><\/em><\/p>\n<p><em><span style=\"color: #008000;\">&#8222;The important thing is not to stop questioning.&#8220;<\/span><\/em><\/p>\n<p><span style=\"color: #008000;\">Albert Einstein<\/span><\/p>\n","protected":false},"excerpt":{"rendered":"<p>Da wir eine Einrichtung mit dem Schwerpunkt englisch sind, steht bei uns in den Kindergartengruppen nat\u00fcrlich die Sprache im Mittelpunkt. Gerade durch viel sprachlichen Input k\u00f6nnen wir Ihren Kindern einen breit angelegten Wortschatz und ein gutes H\u00f6rverst\u00e4ndnis vermitteln. Wir k\u00f6nnen ihnen die Angst vor dem Sprechen nehmen und jedes Kind nach seinen Bed\u00fcrfnissen f\u00f6rdern, denn [&hellip;]<\/p>\n","protected":false},"author":1,"featured_media":0,"parent":0,"menu_order":0,"comment_status":"closed","ping_status":"closed","template":"","meta":{"footnotes":""},"class_list":["post-173","page","type-page","status-publish","hentry"],"_links":{"self":[{"href":"https:\/\/wittorfer-zwergenstube.de\/index.php?rest_route=\/wp\/v2\/pages\/173","targetHints":{"allow":["GET"]}}],"collection":[{"href":"https:\/\/wittorfer-zwergenstube.de\/index.php?rest_route=\/wp\/v2\/pages"}],"about":[{"href":"https:\/\/wittorfer-zwergenstube.de\/index.php?rest_route=\/wp\/v2\/types\/page"}],"author":[{"embeddable":true,"href":"https:\/\/wittorfer-zwergenstube.de\/index.php?rest_route=\/wp\/v2\/users\/1"}],"replies":[{"embeddable":true,"href":"https:\/\/wittorfer-zwergenstube.de\/index.php?rest_route=%2Fwp%2Fv2%2Fcomments&post=173"}],"version-history":[{"count":6,"href":"https:\/\/wittorfer-zwergenstube.de\/index.php?rest_route=\/wp\/v2\/pages\/173\/revisions"}],"predecessor-version":[{"id":1818,"href":"https:\/\/wittorfer-zwergenstube.de\/index.php?rest_route=\/wp\/v2\/pages\/173\/revisions\/1818"}],"wp:attachment":[{"href":"https:\/\/wittorfer-zwergenstube.de\/index.php?rest_route=%2Fwp%2Fv2%2Fmedia&parent=173"}],"curies":[{"name":"wp","href":"https:\/\/api.w.org\/{rel}","templated":true}]}}