{"id":1634,"date":"2020-04-23T12:13:39","date_gmt":"2020-04-23T10:13:39","guid":{"rendered":"http:\/\/wittorfer-zwergenstube.de\/?page_id=1634"},"modified":"2020-04-23T12:13:39","modified_gmt":"2020-04-23T10:13:39","slug":"kleines-raetsel-fuer-zwischendurch","status":"publish","type":"page","link":"https:\/\/wittorfer-zwergenstube.de\/?page_id=1634","title":{"rendered":"kleines R\u00e4tsel f\u00fcr Zwischendurch"},"content":{"rendered":"\n<p>Vor langer, langer Zeit sah es auf unserer Erde noch ganz anders aus. Es gab keine Menschen, es gab auch keine Autos oder Flugzeuge und es gab auch keine H\u00e4user.<\/p>\n\n\n\n<p>Es war aber nicht einsam auf der Erde. Ganz und gar nicht. Es gab n\u00e4mlich Pflanzen, ganz viele Pflanzen. Und es gab Tiere. Gro\u00dfe Tiere, die waren so gro\u00df wie ein Haus. K\u00f6nnt ihr euch so gro\u00df machen? Streckt euch doch einmal soweit ihr k\u00f6nnt. <br>Und kleine Tiere gab es auch, die waren so klein wie eine Maus. Macht euch doch einmal ganz winzig klein.<br>Manche von ihnen konnten fliegen, k\u00f6nnt ihr das auch? <br>Und manche konnten schwimmen. Das ist gar nicht so einfach ohne Wasser. Aber versucht doch einmal die Schwimmbewegungen auf dem Boden nachzumachen.<br>Manche gingen auf 2 Beinen und manche auf allen vieren. Das schafft ihr mit Sicherheit auch.<br>Der eine mochte ganz gerne Pflanzen und der andere lieber Fleisch. Sie lebten mit vielen gemeinsam oder auch ganz alleine.<\/p>\n\n\n\n<p>Sie waren so verschieden, doch eines hatten sie gemeinsam. Sie waren alle\u2026.<br>Na, wer wei\u00df es?<\/p>\n\n\n\n<p><br>&#8230;&#8230;&#8230;&#8230;.Na klar, sie waren alle \u2026\u2026\u2026 Dinosaurier.<\/p>\n\n\n\n<p>Nun leben diese Dinosaurier nicht mehr. Doch ich wei\u00df, viele von euch m\u00f6gen sie sehr gerne.<\/p>\n\n\n\n<p>Malt doch mal euren Lieblingsdinosaurier auf ein Blatt Papier. Und wenn ihr m\u00f6gt, schreibt ihr noch dazu, was das f\u00fcr einer ist. Dabei helfen euch mit Sicherheit eure Eltern oder eure gro\u00dfen Geschwister. Diesen Dinosaurier k\u00f6nnt ihr bei uns in den Briefkasten bei der Krippe schmei\u00dfen. (Der Briefkasten beim Kindergarten ist n\u00e4mlich zugeklebt, da kommen wir gar nicht an die Post ran ;))<br>Wir wollen eine Wand voller Dinosaurier gestalten. Diese sollen euch dann begr\u00fc\u00dfen, wenn der Kindergarten wieder startet.<\/p>\n\n\n\n<p>Wir freuen uns auf eine bunte Wand mit vielen verschiedenen Dinosauriern.<\/p>\n","protected":false},"excerpt":{"rendered":"<p>Vor langer, langer Zeit sah es auf unserer Erde noch ganz anders aus. Es gab keine Menschen, es gab auch keine Autos oder Flugzeuge und es gab auch keine H\u00e4user. Es war aber nicht einsam auf der Erde. Ganz und gar nicht. Es gab n\u00e4mlich Pflanzen, ganz viele Pflanzen. Und es gab Tiere. Gro\u00dfe Tiere, [&hellip;]<\/p>\n","protected":false},"author":1,"featured_media":0,"parent":0,"menu_order":0,"comment_status":"closed","ping_status":"closed","template":"","meta":{"footnotes":""},"class_list":["post-1634","page","type-page","status-publish","hentry"],"_links":{"self":[{"href":"https:\/\/wittorfer-zwergenstube.de\/index.php?rest_route=\/wp\/v2\/pages\/1634","targetHints":{"allow":["GET"]}}],"collection":[{"href":"https:\/\/wittorfer-zwergenstube.de\/index.php?rest_route=\/wp\/v2\/pages"}],"about":[{"href":"https:\/\/wittorfer-zwergenstube.de\/index.php?rest_route=\/wp\/v2\/types\/page"}],"author":[{"embeddable":true,"href":"https:\/\/wittorfer-zwergenstube.de\/index.php?rest_route=\/wp\/v2\/users\/1"}],"replies":[{"embeddable":true,"href":"https:\/\/wittorfer-zwergenstube.de\/index.php?rest_route=%2Fwp%2Fv2%2Fcomments&post=1634"}],"version-history":[{"count":1,"href":"https:\/\/wittorfer-zwergenstube.de\/index.php?rest_route=\/wp\/v2\/pages\/1634\/revisions"}],"predecessor-version":[{"id":1635,"href":"https:\/\/wittorfer-zwergenstube.de\/index.php?rest_route=\/wp\/v2\/pages\/1634\/revisions\/1635"}],"wp:attachment":[{"href":"https:\/\/wittorfer-zwergenstube.de\/index.php?rest_route=%2Fwp%2Fv2%2Fmedia&parent=1634"}],"curies":[{"name":"wp","href":"https:\/\/api.w.org\/{rel}","templated":true}]}}