{"id":1629,"date":"2020-04-23T11:20:05","date_gmt":"2020-04-23T09:20:05","guid":{"rendered":"http:\/\/wittorfer-zwergenstube.de\/?page_id=1629"},"modified":"2020-04-23T11:20:05","modified_gmt":"2020-04-23T09:20:05","slug":"foto-vom-lieblingsplatz","status":"publish","type":"page","link":"https:\/\/wittorfer-zwergenstube.de\/?page_id=1629","title":{"rendered":"Foto vom Lieblingsplatz"},"content":{"rendered":"\n<p><\/p>\n\n\n\n<p>Liebe Kinder!<\/p>\n\n\n\n<p>Lasst uns doch einmal daran teilhaben, was ihr in dieser Zeit zu Hause macht. Fotografiert mit Hilfe von eurer Mama oder eurem Papa doch einmal euren Lieblingsplatz zu Hause. Ist der drinnen oder drau\u00dfen? Oder habt ihr mehrere Lieblingspl\u00e4tze? Was spielt ihr zur Zeit gerne? Schreibt uns doch dazu einen kleinen Brief.<br>Schmei\u00dft den Brief mit den Fotos doch einfach mal bei uns in der Krippe in den Briefkasten  (Wittorfer Stra\u00dfe 83). Wir freuen uns \u00fcber Post von euch und sind schon sehr gespannt auf eure Fotos.<\/p>\n\n\n\n<p><\/p>\n","protected":false},"excerpt":{"rendered":"<p>Liebe Kinder! Lasst uns doch einmal daran teilhaben, was ihr in dieser Zeit zu Hause macht. Fotografiert mit Hilfe von eurer Mama oder eurem Papa doch einmal euren Lieblingsplatz zu Hause. Ist der drinnen oder drau\u00dfen? Oder habt ihr mehrere Lieblingspl\u00e4tze? Was spielt ihr zur Zeit gerne? Schreibt uns doch dazu einen kleinen Brief.Schmei\u00dft den [&hellip;]<\/p>\n","protected":false},"author":1,"featured_media":0,"parent":0,"menu_order":0,"comment_status":"closed","ping_status":"closed","template":"","meta":{"footnotes":""},"class_list":["post-1629","page","type-page","status-publish","hentry"],"_links":{"self":[{"href":"https:\/\/wittorfer-zwergenstube.de\/index.php?rest_route=\/wp\/v2\/pages\/1629","targetHints":{"allow":["GET"]}}],"collection":[{"href":"https:\/\/wittorfer-zwergenstube.de\/index.php?rest_route=\/wp\/v2\/pages"}],"about":[{"href":"https:\/\/wittorfer-zwergenstube.de\/index.php?rest_route=\/wp\/v2\/types\/page"}],"author":[{"embeddable":true,"href":"https:\/\/wittorfer-zwergenstube.de\/index.php?rest_route=\/wp\/v2\/users\/1"}],"replies":[{"embeddable":true,"href":"https:\/\/wittorfer-zwergenstube.de\/index.php?rest_route=%2Fwp%2Fv2%2Fcomments&post=1629"}],"version-history":[{"count":1,"href":"https:\/\/wittorfer-zwergenstube.de\/index.php?rest_route=\/wp\/v2\/pages\/1629\/revisions"}],"predecessor-version":[{"id":1630,"href":"https:\/\/wittorfer-zwergenstube.de\/index.php?rest_route=\/wp\/v2\/pages\/1629\/revisions\/1630"}],"wp:attachment":[{"href":"https:\/\/wittorfer-zwergenstube.de\/index.php?rest_route=%2Fwp%2Fv2%2Fmedia&parent=1629"}],"curies":[{"name":"wp","href":"https:\/\/api.w.org\/{rel}","templated":true}]}}