{"id":1613,"date":"2020-04-20T09:36:09","date_gmt":"2020-04-20T07:36:09","guid":{"rendered":"http:\/\/wittorfer-zwergenstube.de\/?page_id=1613"},"modified":"2020-04-20T12:26:10","modified_gmt":"2020-04-20T10:26:10","slug":"steine-bemalen","status":"publish","type":"page","link":"https:\/\/wittorfer-zwergenstube.de\/?page_id=1613","title":{"rendered":"Steine bemalen"},"content":{"rendered":"\n<p>Bemale einen Stein und lege ihn bei deinem n\u00e4chsten Spaziergang an einen sch\u00f6nen Fleck. Bei deinem n\u00e4chsten Spaziergang kannst du ja mal schauen, ob ihn schon jemand gefunden und mitgenommen hat. Vielleicht findest du von anderen Kindern bemalte Steine und kannst davon einen mit nach Hause nehmen.<\/p>\n\n\n\n<figure class=\"wp-block-gallery columns-3 is-cropped wp-block-gallery-1 is-layout-flex wp-block-gallery-is-layout-flex\"><ul class=\"blocks-gallery-grid\"><li class=\"blocks-gallery-item\"><figure><img loading=\"lazy\" decoding=\"async\" width=\"768\" height=\"1024\" src=\"https:\/\/wittorfer-zwergenstube.de\/wp-content\/uploads\/2020\/04\/20200416_165601-768x1024.jpg\" alt=\"\" data-id=\"1618\" data-full-url=\"https:\/\/wittorfer-zwergenstube.de\/wp-content\/uploads\/2020\/04\/20200416_165601-scaled.jpg\" data-link=\"https:\/\/wittorfer-zwergenstube.de\/?attachment_id=1618\" class=\"wp-image-1618\" srcset=\"https:\/\/wittorfer-zwergenstube.de\/wp-content\/uploads\/2020\/04\/20200416_165601-768x1024.jpg 768w, https:\/\/wittorfer-zwergenstube.de\/wp-content\/uploads\/2020\/04\/20200416_165601-225x300.jpg 225w, https:\/\/wittorfer-zwergenstube.de\/wp-content\/uploads\/2020\/04\/20200416_165601-1152x1536.jpg 1152w, https:\/\/wittorfer-zwergenstube.de\/wp-content\/uploads\/2020\/04\/20200416_165601-1536x2048.jpg 1536w, https:\/\/wittorfer-zwergenstube.de\/wp-content\/uploads\/2020\/04\/20200416_165601-624x832.jpg 624w, https:\/\/wittorfer-zwergenstube.de\/wp-content\/uploads\/2020\/04\/20200416_165601-scaled.jpg 1920w\" sizes=\"auto, (max-width: 768px) 100vw, 768px\" \/><\/figure><\/li><li class=\"blocks-gallery-item\"><figure><img loading=\"lazy\" decoding=\"async\" width=\"1024\" height=\"768\" src=\"https:\/\/wittorfer-zwergenstube.de\/wp-content\/uploads\/2020\/04\/20200416_170117-1024x768.jpg\" alt=\"\" data-id=\"1620\" data-full-url=\"https:\/\/wittorfer-zwergenstube.de\/wp-content\/uploads\/2020\/04\/20200416_170117-scaled.jpg\" data-link=\"https:\/\/wittorfer-zwergenstube.de\/?attachment_id=1620\" class=\"wp-image-1620\" srcset=\"https:\/\/wittorfer-zwergenstube.de\/wp-content\/uploads\/2020\/04\/20200416_170117-1024x768.jpg 1024w, https:\/\/wittorfer-zwergenstube.de\/wp-content\/uploads\/2020\/04\/20200416_170117-300x225.jpg 300w, https:\/\/wittorfer-zwergenstube.de\/wp-content\/uploads\/2020\/04\/20200416_170117-768x576.jpg 768w, https:\/\/wittorfer-zwergenstube.de\/wp-content\/uploads\/2020\/04\/20200416_170117-1536x1152.jpg 1536w, https:\/\/wittorfer-zwergenstube.de\/wp-content\/uploads\/2020\/04\/20200416_170117-2048x1536.jpg 2048w, https:\/\/wittorfer-zwergenstube.de\/wp-content\/uploads\/2020\/04\/20200416_170117-624x468.jpg 624w\" sizes=\"auto, (max-width: 1024px) 100vw, 1024px\" \/><\/figure><\/li><li class=\"blocks-gallery-item\"><figure><img loading=\"lazy\" decoding=\"async\" width=\"1024\" height=\"768\" src=\"https:\/\/wittorfer-zwergenstube.de\/wp-content\/uploads\/2020\/04\/20200416_174900-1024x768.jpg\" alt=\"\" data-id=\"1621\" data-full-url=\"https:\/\/wittorfer-zwergenstube.de\/wp-content\/uploads\/2020\/04\/20200416_174900-scaled.jpg\" data-link=\"https:\/\/wittorfer-zwergenstube.de\/?attachment_id=1621\" class=\"wp-image-1621\" srcset=\"https:\/\/wittorfer-zwergenstube.de\/wp-content\/uploads\/2020\/04\/20200416_174900-1024x768.jpg 1024w, https:\/\/wittorfer-zwergenstube.de\/wp-content\/uploads\/2020\/04\/20200416_174900-300x225.jpg 300w, https:\/\/wittorfer-zwergenstube.de\/wp-content\/uploads\/2020\/04\/20200416_174900-768x576.jpg 768w, https:\/\/wittorfer-zwergenstube.de\/wp-content\/uploads\/2020\/04\/20200416_174900-1536x1152.jpg 1536w, https:\/\/wittorfer-zwergenstube.de\/wp-content\/uploads\/2020\/04\/20200416_174900-2048x1536.jpg 2048w, https:\/\/wittorfer-zwergenstube.de\/wp-content\/uploads\/2020\/04\/20200416_174900-624x468.jpg 624w\" sizes=\"auto, (max-width: 1024px) 100vw, 1024px\" \/><\/figure><\/li><\/ul><\/figure>\n\n\n\n<p>Hier wurden schon einige Steine flei\u00dfig bemalt.<\/p>\n\n\n\n<figure class=\"wp-block-gallery columns-3 is-cropped wp-block-gallery-2 is-layout-flex wp-block-gallery-is-layout-flex\"><ul class=\"blocks-gallery-grid\"><li class=\"blocks-gallery-item\"><figure><img loading=\"lazy\" decoding=\"async\" width=\"768\" height=\"1024\" src=\"https:\/\/wittorfer-zwergenstube.de\/wp-content\/uploads\/2020\/04\/20200418_181101-768x1024.jpg\" alt=\"\" data-id=\"1624\" data-full-url=\"https:\/\/wittorfer-zwergenstube.de\/wp-content\/uploads\/2020\/04\/20200418_181101-scaled.jpg\" data-link=\"https:\/\/wittorfer-zwergenstube.de\/?attachment_id=1624\" class=\"wp-image-1624\" srcset=\"https:\/\/wittorfer-zwergenstube.de\/wp-content\/uploads\/2020\/04\/20200418_181101-768x1024.jpg 768w, https:\/\/wittorfer-zwergenstube.de\/wp-content\/uploads\/2020\/04\/20200418_181101-225x300.jpg 225w, https:\/\/wittorfer-zwergenstube.de\/wp-content\/uploads\/2020\/04\/20200418_181101-1152x1536.jpg 1152w, https:\/\/wittorfer-zwergenstube.de\/wp-content\/uploads\/2020\/04\/20200418_181101-1536x2048.jpg 1536w, https:\/\/wittorfer-zwergenstube.de\/wp-content\/uploads\/2020\/04\/20200418_181101-624x832.jpg 624w, https:\/\/wittorfer-zwergenstube.de\/wp-content\/uploads\/2020\/04\/20200418_181101-scaled.jpg 1920w\" sizes=\"auto, (max-width: 768px) 100vw, 768px\" \/><\/figure><\/li><li class=\"blocks-gallery-item\"><figure><img loading=\"lazy\" decoding=\"async\" width=\"1024\" height=\"768\" src=\"https:\/\/wittorfer-zwergenstube.de\/wp-content\/uploads\/2020\/04\/20200418_180913-1024x768.jpg\" alt=\"\" data-id=\"1623\" data-full-url=\"https:\/\/wittorfer-zwergenstube.de\/wp-content\/uploads\/2020\/04\/20200418_180913-scaled.jpg\" data-link=\"https:\/\/wittorfer-zwergenstube.de\/?attachment_id=1623\" class=\"wp-image-1623\" srcset=\"https:\/\/wittorfer-zwergenstube.de\/wp-content\/uploads\/2020\/04\/20200418_180913-1024x768.jpg 1024w, https:\/\/wittorfer-zwergenstube.de\/wp-content\/uploads\/2020\/04\/20200418_180913-300x225.jpg 300w, https:\/\/wittorfer-zwergenstube.de\/wp-content\/uploads\/2020\/04\/20200418_180913-768x576.jpg 768w, https:\/\/wittorfer-zwergenstube.de\/wp-content\/uploads\/2020\/04\/20200418_180913-1536x1152.jpg 1536w, https:\/\/wittorfer-zwergenstube.de\/wp-content\/uploads\/2020\/04\/20200418_180913-2048x1536.jpg 2048w, https:\/\/wittorfer-zwergenstube.de\/wp-content\/uploads\/2020\/04\/20200418_180913-624x468.jpg 624w\" sizes=\"auto, (max-width: 1024px) 100vw, 1024px\" \/><\/figure><\/li><li class=\"blocks-gallery-item\"><figure><img loading=\"lazy\" decoding=\"async\" width=\"768\" height=\"1024\" src=\"https:\/\/wittorfer-zwergenstube.de\/wp-content\/uploads\/2020\/04\/20200418_180019-scaled-e1587378356275-768x1024.jpg\" alt=\"\" data-id=\"1622\" data-full-url=\"https:\/\/wittorfer-zwergenstube.de\/wp-content\/uploads\/2020\/04\/20200418_180019-scaled-e1587378356275.jpg\" data-link=\"https:\/\/wittorfer-zwergenstube.de\/?attachment_id=1622\" class=\"wp-image-1622\" srcset=\"https:\/\/wittorfer-zwergenstube.de\/wp-content\/uploads\/2020\/04\/20200418_180019-scaled-e1587378356275-768x1024.jpg 768w, https:\/\/wittorfer-zwergenstube.de\/wp-content\/uploads\/2020\/04\/20200418_180019-scaled-e1587378356275-225x300.jpg 225w, https:\/\/wittorfer-zwergenstube.de\/wp-content\/uploads\/2020\/04\/20200418_180019-scaled-e1587378356275-1152x1536.jpg 1152w, https:\/\/wittorfer-zwergenstube.de\/wp-content\/uploads\/2020\/04\/20200418_180019-scaled-e1587378356275-1536x2048.jpg 1536w, https:\/\/wittorfer-zwergenstube.de\/wp-content\/uploads\/2020\/04\/20200418_180019-scaled-e1587378356275-624x832.jpg 624w, https:\/\/wittorfer-zwergenstube.de\/wp-content\/uploads\/2020\/04\/20200418_180019-scaled-e1587378356275.jpg 1920w\" sizes=\"auto, (max-width: 768px) 100vw, 768px\" \/><\/figure><\/li><\/ul><\/figure>\n\n\n\n<p>Und in Nindorf liegen auch schon welche aus. Vielleicht gibt es ja auch bald in eurer Umgebung welche zu finden. \ud83d\ude42<\/p>\n","protected":false},"excerpt":{"rendered":"<p>Bemale einen Stein und lege ihn bei deinem n\u00e4chsten Spaziergang an einen sch\u00f6nen Fleck. Bei deinem n\u00e4chsten Spaziergang kannst du ja mal schauen, ob ihn schon jemand gefunden und mitgenommen hat. Vielleicht findest du von anderen Kindern bemalte Steine und kannst davon einen mit nach Hause nehmen. Hier wurden schon einige Steine flei\u00dfig bemalt. Und [&hellip;]<\/p>\n","protected":false},"author":1,"featured_media":0,"parent":0,"menu_order":0,"comment_status":"closed","ping_status":"closed","template":"","meta":{"footnotes":""},"class_list":["post-1613","page","type-page","status-publish","hentry"],"_links":{"self":[{"href":"https:\/\/wittorfer-zwergenstube.de\/index.php?rest_route=\/wp\/v2\/pages\/1613","targetHints":{"allow":["GET"]}}],"collection":[{"href":"https:\/\/wittorfer-zwergenstube.de\/index.php?rest_route=\/wp\/v2\/pages"}],"about":[{"href":"https:\/\/wittorfer-zwergenstube.de\/index.php?rest_route=\/wp\/v2\/types\/page"}],"author":[{"embeddable":true,"href":"https:\/\/wittorfer-zwergenstube.de\/index.php?rest_route=\/wp\/v2\/users\/1"}],"replies":[{"embeddable":true,"href":"https:\/\/wittorfer-zwergenstube.de\/index.php?rest_route=%2Fwp%2Fv2%2Fcomments&post=1613"}],"version-history":[{"count":3,"href":"https:\/\/wittorfer-zwergenstube.de\/index.php?rest_route=\/wp\/v2\/pages\/1613\/revisions"}],"predecessor-version":[{"id":1625,"href":"https:\/\/wittorfer-zwergenstube.de\/index.php?rest_route=\/wp\/v2\/pages\/1613\/revisions\/1625"}],"wp:attachment":[{"href":"https:\/\/wittorfer-zwergenstube.de\/index.php?rest_route=%2Fwp%2Fv2%2Fmedia&parent=1613"}],"curies":[{"name":"wp","href":"https:\/\/api.w.org\/{rel}","templated":true}]}}