{"id":1584,"date":"2020-04-06T08:54:13","date_gmt":"2020-04-06T06:54:13","guid":{"rendered":"http:\/\/wittorfer-zwergenstube.de\/?page_id=1584"},"modified":"2020-04-06T09:32:51","modified_gmt":"2020-04-06T07:32:51","slug":"raupe-nimmersatt","status":"publish","type":"page","link":"https:\/\/wittorfer-zwergenstube.de\/?page_id=1584","title":{"rendered":"Raupe Nimmersatt"},"content":{"rendered":"\n<p>Liebe Kinder, liebe Eltern<\/p>\n\n\n\n<p>Eigentlich wollte ich bei in den Fr\u00f6schen, dass Geschichtens\u00e4ckchen von der kleinen Raupe Nimmersatt einf\u00fchren. Doch nun m\u00fcssen eben Mama oder Papa ran!<\/p>\n\n\n\n<p>Als erstes ben\u00f6tigt ihr, um eine Raupe zu basteln eine Papprolle! Am besten kann man eine Pringelsdose daf\u00fcr benutzen. Ich habe leider keine zuhause, daher benutze ich einfach eine K\u00fcchenrollenpappe, die habt ihr bestimmt alle auch zuhause!<\/p>\n\n\n\n<div class=\"wp-block-columns is-layout-flex wp-container-core-columns-is-layout-9d6595d7 wp-block-columns-is-layout-flex\">\n<div class=\"wp-block-column is-layout-flow wp-block-column-is-layout-flow\">\n<figure class=\"wp-block-image size-large\"><img loading=\"lazy\" decoding=\"async\" width=\"520\" height=\"348\" src=\"https:\/\/wittorfer-zwergenstube.de\/wp-content\/uploads\/2020\/04\/Raupe-Nimmersatt.png\" alt=\"\" class=\"wp-image-1585\" srcset=\"https:\/\/wittorfer-zwergenstube.de\/wp-content\/uploads\/2020\/04\/Raupe-Nimmersatt.png 520w, https:\/\/wittorfer-zwergenstube.de\/wp-content\/uploads\/2020\/04\/Raupe-Nimmersatt-300x201.png 300w\" sizes=\"auto, (max-width: 520px) 100vw, 520px\" \/><\/figure>\n\n\n\n<p>Diese Papprolle k\u00f6nnt ihr dann erst einmal richtig sch\u00f6n gr\u00fcn anmalen. Und dann trocknen lassen!<\/p>\n<\/div>\n\n\n\n<div class=\"wp-block-column is-layout-flow wp-block-column-is-layout-flow\">\n<figure class=\"wp-block-image size-large is-resized\"><img loading=\"lazy\" decoding=\"async\" src=\"https:\/\/wittorfer-zwergenstube.de\/wp-content\/uploads\/2020\/04\/Raupe-Nimmersatt1-e1586155618499.jpg\" alt=\"\" class=\"wp-image-1586\" width=\"138\" height=\"166\" srcset=\"https:\/\/wittorfer-zwergenstube.de\/wp-content\/uploads\/2020\/04\/Raupe-Nimmersatt1-e1586155618499.jpg 309w, https:\/\/wittorfer-zwergenstube.de\/wp-content\/uploads\/2020\/04\/Raupe-Nimmersatt1-e1586155618499-249x300.jpg 249w\" sizes=\"auto, (max-width: 138px) 100vw, 138px\" \/><\/figure>\n\n\n\n<p>In der Zwischenzeit, malt ihr mit Hilfe eines Glases den Kopf auf.&nbsp; Dann noch ein paar F\u00fchler dazu!<\/p>\n<\/div>\n\n\n\n<div class=\"wp-block-column is-layout-flow wp-block-column-is-layout-flow\">\n<figure class=\"wp-block-image size-large\"><img loading=\"lazy\" decoding=\"async\" width=\"408\" height=\"311\" src=\"https:\/\/wittorfer-zwergenstube.de\/wp-content\/uploads\/2020\/04\/Raupe-Nimmersatt2.jpg\" alt=\"\" class=\"wp-image-1587\" srcset=\"https:\/\/wittorfer-zwergenstube.de\/wp-content\/uploads\/2020\/04\/Raupe-Nimmersatt2.jpg 408w, https:\/\/wittorfer-zwergenstube.de\/wp-content\/uploads\/2020\/04\/Raupe-Nimmersatt2-300x229.jpg 300w\" sizes=\"auto, (max-width: 408px) 100vw, 408px\" \/><\/figure>\n\n\n\n<p>Alles ausschneiden<\/p>\n<\/div>\n<\/div>\n\n\n\n<div class=\"wp-block-columns is-layout-flex wp-container-core-columns-is-layout-9d6595d7 wp-block-columns-is-layout-flex\">\n<div class=\"wp-block-column is-layout-flow wp-block-column-is-layout-flow\">\n<figure class=\"wp-block-image size-large\"><img loading=\"lazy\" decoding=\"async\" width=\"416\" height=\"312\" src=\"https:\/\/wittorfer-zwergenstube.de\/wp-content\/uploads\/2020\/04\/Raupe-Nimmersatt3.jpg\" alt=\"\" class=\"wp-image-1588\" srcset=\"https:\/\/wittorfer-zwergenstube.de\/wp-content\/uploads\/2020\/04\/Raupe-Nimmersatt3.jpg 416w, https:\/\/wittorfer-zwergenstube.de\/wp-content\/uploads\/2020\/04\/Raupe-Nimmersatt3-300x225.jpg 300w\" sizes=\"auto, (max-width: 416px) 100vw, 416px\" \/><\/figure>\n\n\n\n<p>Mit dem Kuttermesser einen Mund ausschneiden. Dabei fragt ihr bitte einen Erwachsenen um Hilfe.<\/p>\n<\/div>\n\n\n\n<div class=\"wp-block-column is-layout-flow wp-block-column-is-layout-flow\">\n<figure class=\"wp-block-image size-large\"><img loading=\"lazy\" decoding=\"async\" width=\"428\" height=\"311\" src=\"https:\/\/wittorfer-zwergenstube.de\/wp-content\/uploads\/2020\/04\/Raupe-Nimmersatt4.jpg\" alt=\"\" class=\"wp-image-1589\" srcset=\"https:\/\/wittorfer-zwergenstube.de\/wp-content\/uploads\/2020\/04\/Raupe-Nimmersatt4.jpg 428w, https:\/\/wittorfer-zwergenstube.de\/wp-content\/uploads\/2020\/04\/Raupe-Nimmersatt4-300x218.jpg 300w\" sizes=\"auto, (max-width: 428px) 100vw, 428px\" \/><\/figure>\n\n\n\n<p>Und ein Gesicht malen!<\/p>\n<\/div>\n\n\n\n<div class=\"wp-block-column is-layout-flow wp-block-column-is-layout-flow\">\n<figure class=\"wp-block-image size-large is-resized\"><img loading=\"lazy\" decoding=\"async\" src=\"https:\/\/wittorfer-zwergenstube.de\/wp-content\/uploads\/2020\/04\/Raupe-Nimmersatt5-e1586155869763.jpg\" alt=\"\" class=\"wp-image-1590\" width=\"144\" height=\"191\" srcset=\"https:\/\/wittorfer-zwergenstube.de\/wp-content\/uploads\/2020\/04\/Raupe-Nimmersatt5-e1586155869763.jpg 322w, https:\/\/wittorfer-zwergenstube.de\/wp-content\/uploads\/2020\/04\/Raupe-Nimmersatt5-e1586155869763-225x300.jpg 225w\" sizes=\"auto, (max-width: 144px) 100vw, 144px\" \/><\/figure>\n\n\n\n<p>Wenn eure gr\u00fcne Papprolle getrocknet ist, k\u00f6nnt ihr den Kopf noch aufkleben! Ich habe das mit Hei\u00dfkleber gemacht, dass funktioniert am besten.<\/p>\n<\/div>\n<\/div>\n\n\n\n<p>Nun druckt ihr euch noch die Bastelvorlage (die findet ihr auf Seite 3) aus und klebt diese auf Pappe. Dann k\u00f6nnt ihr die verschiedenen Lebensmittel ausschneiden.<\/p>\n\n\n\n<p>Fertig!!!!<\/p>\n\n\n\n<p>Jetzt m\u00fcssen euch Mama oder Papa nur noch die Geschichte vorlesen (die findet ihr auf Seite 2) und ihr k\u00f6nnt in der Zeit eure Raupe Nimmersatt f\u00fcttern!<\/p>\n\n\n\n<p>Viel Spa\u00df!&nbsp; Eure Jennifer!<\/p>\n\n\n\n<!--nextpage-->\n\n\n\n<figure class=\"wp-block-image size-large\"><img loading=\"lazy\" decoding=\"async\" width=\"400\" height=\"533\" src=\"https:\/\/wittorfer-zwergenstube.de\/wp-content\/uploads\/2020\/04\/20200406_091921_1.jpg\" alt=\"\" class=\"wp-image-1595\" srcset=\"https:\/\/wittorfer-zwergenstube.de\/wp-content\/uploads\/2020\/04\/20200406_091921_1.jpg 400w, https:\/\/wittorfer-zwergenstube.de\/wp-content\/uploads\/2020\/04\/20200406_091921_1-225x300.jpg 225w\" sizes=\"auto, (max-width: 400px) 100vw, 400px\" \/><\/figure>\n\n\n\n<figure class=\"wp-block-image size-large\"><img loading=\"lazy\" decoding=\"async\" width=\"400\" height=\"533\" src=\"https:\/\/wittorfer-zwergenstube.de\/wp-content\/uploads\/2020\/04\/20200406_091930_1.jpg\" alt=\"\" class=\"wp-image-1596\" srcset=\"https:\/\/wittorfer-zwergenstube.de\/wp-content\/uploads\/2020\/04\/20200406_091930_1.jpg 400w, https:\/\/wittorfer-zwergenstube.de\/wp-content\/uploads\/2020\/04\/20200406_091930_1-225x300.jpg 225w\" sizes=\"auto, (max-width: 400px) 100vw, 400px\" \/><\/figure>\n\n\n\n<!--nextpage-->\n\n\n\n<div class=\"wp-block-file\"><a href=\"https:\/\/wittorfer-zwergenstube.de\/wp-content\/uploads\/2020\/04\/Bastelvorlage.docx\">Bastelvorlage<\/a><a href=\"https:\/\/wittorfer-zwergenstube.de\/wp-content\/uploads\/2020\/04\/Bastelvorlage.docx\" class=\"wp-block-file__button\" download>Herunterladen<\/a><\/div>\n\n\n\n<p><\/p>\n","protected":false},"excerpt":{"rendered":"<p>Liebe Kinder, liebe Eltern Eigentlich wollte ich bei in den Fr\u00f6schen, dass Geschichtens\u00e4ckchen von der kleinen Raupe Nimmersatt einf\u00fchren. Doch nun m\u00fcssen eben Mama oder Papa ran! Als erstes ben\u00f6tigt ihr, um eine Raupe zu basteln eine Papprolle! Am besten kann man eine Pringelsdose daf\u00fcr benutzen. Ich habe leider keine zuhause, daher benutze ich einfach [&hellip;]<\/p>\n","protected":false},"author":1,"featured_media":0,"parent":0,"menu_order":0,"comment_status":"closed","ping_status":"closed","template":"","meta":{"footnotes":""},"class_list":["post-1584","page","type-page","status-publish","hentry"],"_links":{"self":[{"href":"https:\/\/wittorfer-zwergenstube.de\/index.php?rest_route=\/wp\/v2\/pages\/1584","targetHints":{"allow":["GET"]}}],"collection":[{"href":"https:\/\/wittorfer-zwergenstube.de\/index.php?rest_route=\/wp\/v2\/pages"}],"about":[{"href":"https:\/\/wittorfer-zwergenstube.de\/index.php?rest_route=\/wp\/v2\/types\/page"}],"author":[{"embeddable":true,"href":"https:\/\/wittorfer-zwergenstube.de\/index.php?rest_route=\/wp\/v2\/users\/1"}],"replies":[{"embeddable":true,"href":"https:\/\/wittorfer-zwergenstube.de\/index.php?rest_route=%2Fwp%2Fv2%2Fcomments&post=1584"}],"version-history":[{"count":3,"href":"https:\/\/wittorfer-zwergenstube.de\/index.php?rest_route=\/wp\/v2\/pages\/1584\/revisions"}],"predecessor-version":[{"id":1600,"href":"https:\/\/wittorfer-zwergenstube.de\/index.php?rest_route=\/wp\/v2\/pages\/1584\/revisions\/1600"}],"wp:attachment":[{"href":"https:\/\/wittorfer-zwergenstube.de\/index.php?rest_route=%2Fwp%2Fv2%2Fmedia&parent=1584"}],"curies":[{"name":"wp","href":"https:\/\/api.w.org\/{rel}","templated":true}]}}