{"id":1572,"date":"2020-04-06T08:27:22","date_gmt":"2020-04-06T06:27:22","guid":{"rendered":"http:\/\/wittorfer-zwergenstube.de\/?page_id=1572"},"modified":"2020-04-06T08:27:22","modified_gmt":"2020-04-06T06:27:22","slug":"wir-bauen-ein-wildbienenhotel","status":"publish","type":"page","link":"https:\/\/wittorfer-zwergenstube.de\/?page_id=1572","title":{"rendered":"Wir bauen ein Wildbienenhotel"},"content":{"rendered":"\n<p>Das ben\u00f6tigt ihr:<\/p>\n\n\n\n<p>Eine leere Dose<br>Farbe, die f\u00fcr drau\u00dfen geeignet ist<br>Holz f\u00fcr das Dach<br>Kleber, der f\u00fcr drau\u00dfen geeignet ist (z.B. Leim)<br>Akkuschrauber und Bohrer<br>Band<br>Bambusst\u00f6cker<\/p>\n\n\n\n<div class=\"wp-block-columns is-layout-flex wp-container-core-columns-is-layout-9d6595d7 wp-block-columns-is-layout-flex\">\n<div class=\"wp-block-column is-layout-flow wp-block-column-is-layout-flow\">\n<figure class=\"wp-block-image size-large\"><img loading=\"lazy\" decoding=\"async\" width=\"351\" height=\"468\" src=\"https:\/\/wittorfer-zwergenstube.de\/wp-content\/uploads\/2020\/04\/Wildbienenhotel1-e1586154346907.jpg\" alt=\"\" class=\"wp-image-1573\" srcset=\"https:\/\/wittorfer-zwergenstube.de\/wp-content\/uploads\/2020\/04\/Wildbienenhotel1-e1586154346907.jpg 351w, https:\/\/wittorfer-zwergenstube.de\/wp-content\/uploads\/2020\/04\/Wildbienenhotel1-e1586154346907-225x300.jpg 225w\" sizes=\"auto, (max-width: 351px) 100vw, 351px\" \/><\/figure>\n<\/div>\n\n\n\n<div class=\"wp-block-column is-layout-flow wp-block-column-is-layout-flow\">\n<figure class=\"wp-block-image size-large\"><img loading=\"lazy\" decoding=\"async\" width=\"353\" height=\"471\" src=\"https:\/\/wittorfer-zwergenstube.de\/wp-content\/uploads\/2020\/04\/Wildbienenhotel2-e1586154384579.jpg\" alt=\"\" class=\"wp-image-1574\" srcset=\"https:\/\/wittorfer-zwergenstube.de\/wp-content\/uploads\/2020\/04\/Wildbienenhotel2-e1586154384579.jpg 353w, https:\/\/wittorfer-zwergenstube.de\/wp-content\/uploads\/2020\/04\/Wildbienenhotel2-e1586154384579-225x300.jpg 225w\" sizes=\"auto, (max-width: 353px) 100vw, 353px\" \/><\/figure>\n<\/div>\n\n\n\n<div class=\"wp-block-column is-layout-flow wp-block-column-is-layout-flow\">\n<figure class=\"wp-block-image size-large\"><img loading=\"lazy\" decoding=\"async\" width=\"354\" height=\"472\" src=\"https:\/\/wittorfer-zwergenstube.de\/wp-content\/uploads\/2020\/04\/Wildbienenhotel3-e1586154410895.jpg\" alt=\"\" class=\"wp-image-1575\" srcset=\"https:\/\/wittorfer-zwergenstube.de\/wp-content\/uploads\/2020\/04\/Wildbienenhotel3-e1586154410895.jpg 354w, https:\/\/wittorfer-zwergenstube.de\/wp-content\/uploads\/2020\/04\/Wildbienenhotel3-e1586154410895-225x300.jpg 225w\" sizes=\"auto, (max-width: 354px) 100vw, 354px\" \/><\/figure>\n<\/div>\n<\/div>\n\n\n\n<p>Ihr malt die Dose und das Holz bunt an.<br>Es m\u00fcssen 2 L\u00f6cher in die Dose gebohrt werden, damit ihr sie aufh\u00e4ngen k\u00f6nnt. Dabei braucht ihr die Hilfe von eurer Mama oder eurem Papa.<br>Die Bambusst\u00f6cker m\u00fcssen so gek\u00fcrzt werden, dass sie in die Dose passen. Dabei braucht ihr auch noch einmal die Hilfe von eurer Mama oder eurem Papa.<br>Ihr k\u00f6nnt das Holz noch als Dach auf die Dose kleben, wenn ihr m\u00f6gt.<br>Das Band wird durch die L\u00f6cher gef\u00e4delt, sodass ihr die Dose aufh\u00e4ngen k\u00f6nnt.<br>Zum Schluss kommen noch die Bambusst\u00f6cker in die Dose und ihr sucht einen Platz zum Aufh\u00e4ngen.<br>Fertig ist euer Wildbienenhotel. Nun m\u00fcssen sie nur noch einziehen. \ud83d\ude42<\/p>\n","protected":false},"excerpt":{"rendered":"<p>Das ben\u00f6tigt ihr: Eine leere DoseFarbe, die f\u00fcr drau\u00dfen geeignet istHolz f\u00fcr das DachKleber, der f\u00fcr drau\u00dfen geeignet ist (z.B. Leim)Akkuschrauber und BohrerBandBambusst\u00f6cker Ihr malt die Dose und das Holz bunt an.Es m\u00fcssen 2 L\u00f6cher in die Dose gebohrt werden, damit ihr sie aufh\u00e4ngen k\u00f6nnt. Dabei braucht ihr die Hilfe von eurer Mama oder eurem [&hellip;]<\/p>\n","protected":false},"author":1,"featured_media":0,"parent":0,"menu_order":0,"comment_status":"closed","ping_status":"closed","template":"","meta":{"footnotes":""},"class_list":["post-1572","page","type-page","status-publish","hentry"],"_links":{"self":[{"href":"https:\/\/wittorfer-zwergenstube.de\/index.php?rest_route=\/wp\/v2\/pages\/1572","targetHints":{"allow":["GET"]}}],"collection":[{"href":"https:\/\/wittorfer-zwergenstube.de\/index.php?rest_route=\/wp\/v2\/pages"}],"about":[{"href":"https:\/\/wittorfer-zwergenstube.de\/index.php?rest_route=\/wp\/v2\/types\/page"}],"author":[{"embeddable":true,"href":"https:\/\/wittorfer-zwergenstube.de\/index.php?rest_route=\/wp\/v2\/users\/1"}],"replies":[{"embeddable":true,"href":"https:\/\/wittorfer-zwergenstube.de\/index.php?rest_route=%2Fwp%2Fv2%2Fcomments&post=1572"}],"version-history":[{"count":1,"href":"https:\/\/wittorfer-zwergenstube.de\/index.php?rest_route=\/wp\/v2\/pages\/1572\/revisions"}],"predecessor-version":[{"id":1576,"href":"https:\/\/wittorfer-zwergenstube.de\/index.php?rest_route=\/wp\/v2\/pages\/1572\/revisions\/1576"}],"wp:attachment":[{"href":"https:\/\/wittorfer-zwergenstube.de\/index.php?rest_route=%2Fwp%2Fv2%2Fmedia&parent=1572"}],"curies":[{"name":"wp","href":"https:\/\/api.w.org\/{rel}","templated":true}]}}