{"id":1563,"date":"2020-04-06T08:15:27","date_gmt":"2020-04-06T06:15:27","guid":{"rendered":"http:\/\/wittorfer-zwergenstube.de\/?page_id=1563"},"modified":"2020-04-06T08:15:27","modified_gmt":"2020-04-06T06:15:27","slug":"osterhasen-stempeln","status":"publish","type":"page","link":"https:\/\/wittorfer-zwergenstube.de\/?page_id=1563","title":{"rendered":"Osterhasen stempeln"},"content":{"rendered":"\n<p>Das ben\u00f6tigt ihr:<\/p>\n\n\n\n<p>3 Toilettenpapierrollen<br>Kleber<br>Fingerfarbe<br>Pinsel<br>Papier, das bestempelt werden soll<br>Stifte, Tusche oder \u00e4hnliches<\/p>\n\n\n\n<p>Bevor ihr startet, dr\u00fcckt ihr 2 Toilettenpapierrollen etwas zusammen. Dann klebt ihr sie an die 3. Rolle (so wie auf dem Foto)<\/p>\n\n\n\n<div class=\"wp-block-group\"><div class=\"wp-block-group__inner-container is-layout-flow wp-block-group-is-layout-flow\">\n<div class=\"wp-block-group\"><div class=\"wp-block-group__inner-container is-layout-flow wp-block-group-is-layout-flow\">\n<div class=\"wp-block-columns is-layout-flex wp-container-core-columns-is-layout-9d6595d7 wp-block-columns-is-layout-flex\">\n<div class=\"wp-block-column is-layout-flow wp-block-column-is-layout-flow\">\n<figure class=\"wp-block-image size-large\"><img loading=\"lazy\" decoding=\"async\" width=\"432\" height=\"324\" src=\"https:\/\/wittorfer-zwergenstube.de\/wp-content\/uploads\/2020\/04\/Osterhasen-stempeln-1.jpg\" alt=\"\" class=\"wp-image-1565\" srcset=\"https:\/\/wittorfer-zwergenstube.de\/wp-content\/uploads\/2020\/04\/Osterhasen-stempeln-1.jpg 432w, https:\/\/wittorfer-zwergenstube.de\/wp-content\/uploads\/2020\/04\/Osterhasen-stempeln-1-300x225.jpg 300w\" sizes=\"auto, (max-width: 432px) 100vw, 432px\" \/><\/figure>\n\n\n\n<p>Nun bemalt ihr die Toilettenpapierrollen<br>mit Fingerfarbe oder Tusche.<\/p>\n<\/div>\n\n\n\n<div class=\"wp-block-column is-layout-flow wp-block-column-is-layout-flow\">\n<figure class=\"wp-block-image size-large\"><img loading=\"lazy\" decoding=\"async\" width=\"457\" height=\"342\" src=\"https:\/\/wittorfer-zwergenstube.de\/wp-content\/uploads\/2020\/04\/Osterhasen-stempeln-2.jpg\" alt=\"\" class=\"wp-image-1566\" srcset=\"https:\/\/wittorfer-zwergenstube.de\/wp-content\/uploads\/2020\/04\/Osterhasen-stempeln-2.jpg 457w, https:\/\/wittorfer-zwergenstube.de\/wp-content\/uploads\/2020\/04\/Osterhasen-stempeln-2-300x225.jpg 300w\" sizes=\"auto, (max-width: 457px) 100vw, 457px\" \/><\/figure>\n\n\n\n<p>Die bemalte Seite dr\u00fcckt ihr auf das Papier. Das tut ihr so oft, bis ihr genug Osterhasen gestempelt habt. Zwischendurch m\u00fcsst ihr wieder neue Farbe rauf malen.<\/p>\n<\/div>\n<\/div>\n<\/div><\/div>\n<\/div><\/div>\n\n\n\n<div class=\"wp-block-columns is-layout-flex wp-container-core-columns-is-layout-9d6595d7 wp-block-columns-is-layout-flex\">\n<div class=\"wp-block-column is-layout-flow wp-block-column-is-layout-flow\">\n<figure class=\"wp-block-image size-large\"><img loading=\"lazy\" decoding=\"async\" width=\"448\" height=\"336\" src=\"https:\/\/wittorfer-zwergenstube.de\/wp-content\/uploads\/2020\/04\/Osterhasen-stempeln-3.jpg\" alt=\"\" class=\"wp-image-1567\" srcset=\"https:\/\/wittorfer-zwergenstube.de\/wp-content\/uploads\/2020\/04\/Osterhasen-stempeln-3.jpg 448w, https:\/\/wittorfer-zwergenstube.de\/wp-content\/uploads\/2020\/04\/Osterhasen-stempeln-3-300x225.jpg 300w\" sizes=\"auto, (max-width: 448px) 100vw, 448px\" \/><\/figure>\n\n\n\n<p>Ihr k\u00f6nnt die Osterhasen noch ausmalen. Entweder mit Tusche oder Buntstiften.<\/p>\n<\/div>\n\n\n\n<div class=\"wp-block-column is-layout-flow wp-block-column-is-layout-flow\">\n<figure class=\"wp-block-image size-large\"><img loading=\"lazy\" decoding=\"async\" width=\"487\" height=\"365\" src=\"https:\/\/wittorfer-zwergenstube.de\/wp-content\/uploads\/2020\/04\/Osterhasen-stempeln-4.png\" alt=\"\" class=\"wp-image-1568\" srcset=\"https:\/\/wittorfer-zwergenstube.de\/wp-content\/uploads\/2020\/04\/Osterhasen-stempeln-4.png 487w, https:\/\/wittorfer-zwergenstube.de\/wp-content\/uploads\/2020\/04\/Osterhasen-stempeln-4-300x225.png 300w\" sizes=\"auto, (max-width: 487px) 100vw, 487px\" \/><\/figure>\n\n\n\n<p>Fertig sind die Osterhasen!<\/p>\n<\/div>\n<\/div>\n\n\n\n<h2 class=\"has-text-align-center wp-block-heading\">Viel Spa\u00df beim Nachbasteln!<\/h2>\n\n\n\n<p><\/p>\n","protected":false},"excerpt":{"rendered":"<p>Das ben\u00f6tigt ihr: 3 ToilettenpapierrollenKleberFingerfarbePinselPapier, das bestempelt werden sollStifte, Tusche oder \u00e4hnliches Bevor ihr startet, dr\u00fcckt ihr 2 Toilettenpapierrollen etwas zusammen. Dann klebt ihr sie an die 3. Rolle (so wie auf dem Foto) Nun bemalt ihr die Toilettenpapierrollenmit Fingerfarbe oder Tusche. Die bemalte Seite dr\u00fcckt ihr auf das Papier. Das tut ihr so oft, [&hellip;]<\/p>\n","protected":false},"author":1,"featured_media":0,"parent":0,"menu_order":0,"comment_status":"closed","ping_status":"closed","template":"","meta":{"footnotes":""},"class_list":["post-1563","page","type-page","status-publish","hentry"],"_links":{"self":[{"href":"https:\/\/wittorfer-zwergenstube.de\/index.php?rest_route=\/wp\/v2\/pages\/1563","targetHints":{"allow":["GET"]}}],"collection":[{"href":"https:\/\/wittorfer-zwergenstube.de\/index.php?rest_route=\/wp\/v2\/pages"}],"about":[{"href":"https:\/\/wittorfer-zwergenstube.de\/index.php?rest_route=\/wp\/v2\/types\/page"}],"author":[{"embeddable":true,"href":"https:\/\/wittorfer-zwergenstube.de\/index.php?rest_route=\/wp\/v2\/users\/1"}],"replies":[{"embeddable":true,"href":"https:\/\/wittorfer-zwergenstube.de\/index.php?rest_route=%2Fwp%2Fv2%2Fcomments&post=1563"}],"version-history":[{"count":1,"href":"https:\/\/wittorfer-zwergenstube.de\/index.php?rest_route=\/wp\/v2\/pages\/1563\/revisions"}],"predecessor-version":[{"id":1569,"href":"https:\/\/wittorfer-zwergenstube.de\/index.php?rest_route=\/wp\/v2\/pages\/1563\/revisions\/1569"}],"wp:attachment":[{"href":"https:\/\/wittorfer-zwergenstube.de\/index.php?rest_route=%2Fwp%2Fv2%2Fmedia&parent=1563"}],"curies":[{"name":"wp","href":"https:\/\/api.w.org\/{rel}","templated":true}]}}