{"id":1553,"date":"2020-04-03T11:20:20","date_gmt":"2020-04-03T09:20:20","guid":{"rendered":"http:\/\/wittorfer-zwergenstube.de\/?page_id=1553"},"modified":"2020-05-19T12:54:58","modified_gmt":"2020-05-19T10:54:58","slug":"digitale-kita-zeitung","status":"publish","type":"page","link":"https:\/\/wittorfer-zwergenstube.de\/?page_id=1553","title":{"rendered":"digitale Kita Zeitung"},"content":{"rendered":"\n<p>Hier wollen wir eine digitale Kita Zeitung f\u00fcr euch entstehen lassen.<br>Wir stellen Geschichten, Lieder, Artikel, Bastelideen, Aufgaben und vieles mehr hier rein. <br>Wir w\u00fcrden uns freuen, wenn ihr Kinder mit euren Eltern oder Geschwistern die eine oder andere Idee nachbastelt, die Aufgaben l\u00f6st und euch \u00fcber unsere Nachrichten hier freut.<br>So k\u00f6nnen wir alle noch etwas mehr im Kontakt zueinander bleiben.<\/p>\n\n\n\n<p>Eure Erzieherinnen der Wittorfer Zwergenstube<\/p>\n\n\n\n<p><strong>Wenn ihr uns Dateien per Mail schickt, bitte als<\/strong> <strong>PDF Datei. Danke \ud83d\ude42<\/strong><\/p>\n\n\n\n<p>Hier k\u00f6nnt ihr&#8230;<\/p>\n\n\n\n<p><\/p>\n\n\n\n<p>eine Aufgabe f\u00fcr die &#8222;Brownbears&#8220; von Alena sehen.<\/p>\n\n\n\n<div class=\"wp-block-file\"><a href=\"https:\/\/wittorfer-zwergenstube.de\/wp-content\/uploads\/2020\/05\/VID-20200401-WA0020.mp4\"><br>VID-20200401-WA0020<\/a><a href=\"https:\/\/wittorfer-zwergenstube.de\/wp-content\/uploads\/2020\/05\/VID-20200401-WA0020.mp4\" class=\"wp-block-file__button\" download>Herunterladen<\/a><\/div>\n\n\n\n<p><\/p>\n\n\n\n<p><\/p>\n\n\n\n<p>euch 2 Lieder anh\u00f6ren und gerne mitsingen<\/p>\n\n\n\n<div class=\"wp-block-file\"><a href=\"https:\/\/wittorfer-zwergenstube.de\/wp-content\/uploads\/2020\/05\/VID-20200507-WA0012.mp4\">VID-20200507-WA0012<\/a><a href=\"https:\/\/wittorfer-zwergenstube.de\/wp-content\/uploads\/2020\/05\/VID-20200507-WA0012.mp4\" class=\"wp-block-file__button\" download>Herunterladen<\/a><\/div>\n\n\n\n<p>ein <a href=\"https:\/\/wittorfer-zwergenstube.de\/?page_id=1634\">kleines R\u00e4tsel f\u00fcr Zwischendurch <\/a>l\u00f6sen<\/p>\n\n\n\n<p>Fangt doch schon einmal an Toilettenpapierrollen, K\u00fcchenrollen, ausgewaschene Milchkartons oder andere kleine Kartons zu sammeln. Daf\u00fcr bekommt ihr demn\u00e4chst eine Bastelidee&#8230;&#8230; Lasst euch \u00fcberraschen&#8230;<\/p>\n\n\n\n<p><a href=\"https:\/\/wittorfer-zwergenstube.de\/?page_id=1613\">Steine bemalen<\/a><\/p>\n\n\n\n<p>Habt ihr schon Steine bemalt und diese verteilt? Oder habt ihr schon von anderen Kindern die bemalten Steine gefunden? <br>Vielleicht m\u00f6gt ihr ja auch noch einen Stein f\u00fcr die Krippe\/den Kindergarten bemalen. So k\u00f6nnen wir ein gro\u00dfes buntes Steinebeet entstehen lassen. Legt uns die Steine doch einfach auf die Mauer beim Kindergarten oder neben die T\u00fcr bei der Krippe. Wenn wir uns nach den Sommerferien dann wiedersehen, k\u00f6nnen wir gemeinsam die bunten Steine bewundern. Wir freuen uns auf eure Steine. \ud83d\ude42<\/p>\n\n\n\n<p>ein <a href=\"https:\/\/wittorfer-zwergenstube.de\/?page_id=1629\">Foto von eurem Lieblingsplatz<\/a> an uns schicken<\/p>\n\n\n\n<p><\/p>\n\n\n\n<p><\/p>\n\n\n\n<p><\/p>\n\n\n\n<p><a href=\"https:\/\/wittorfer-zwergenstube.de\/?page_id=1606\">eine Aufgabe zu Ostern<\/a>  erledigen<\/p>\n\n\n\n<p><\/p>\n\n\n\n<figure class=\"wp-block-audio\"><audio controls src=\"https:\/\/wittorfer-zwergenstube.de\/wp-content\/uploads\/2020\/04\/Stups-der-kleine-Osterhase.mp3\"><\/audio><figcaption>ein Lied gesungen von Jessica h\u00f6ren<\/figcaption><\/figure>\n\n\n\n<figure class=\"wp-block-audio\"><audio controls src=\"https:\/\/wittorfer-zwergenstube.de\/wp-content\/uploads\/2020\/04\/der-Hase-Pieps-und-der-Regenbogen.mp3\"><\/audio><figcaption>eine Geschichte von Jessica h\u00f6ren<\/figcaption><\/figure>\n\n\n\n<p><a href=\"https:\/\/wittorfer-zwergenstube.de\/?page_id=1563\">Osterhasen stempeln<\/a><\/p>\n\n\n\n<p><a href=\"https:\/\/wittorfer-zwergenstube.de\/?page_id=1572\">Wildbienenhotel nachbauen<\/a><\/p>\n\n\n\n<p><a href=\"https:\/\/wittorfer-zwergenstube.de\/?page_id=1584\">Raupe Nimmersatt erleben<\/a><\/p>\n\n\n\n<p><\/p>\n\n\n\n<p><\/p>\n\n\n\n<p><\/p>\n\n\n\n<p><\/p>\n","protected":false},"excerpt":{"rendered":"<p>Hier wollen wir eine digitale Kita Zeitung f\u00fcr euch entstehen lassen.Wir stellen Geschichten, Lieder, Artikel, Bastelideen, Aufgaben und vieles mehr hier rein. Wir w\u00fcrden uns freuen, wenn ihr Kinder mit euren Eltern oder Geschwistern die eine oder andere Idee nachbastelt, die Aufgaben l\u00f6st und euch \u00fcber unsere Nachrichten hier freut.So k\u00f6nnen wir alle noch etwas [&hellip;]<\/p>\n","protected":false},"author":1,"featured_media":0,"parent":0,"menu_order":0,"comment_status":"closed","ping_status":"closed","template":"","meta":{"footnotes":""},"class_list":["post-1553","page","type-page","status-publish","hentry"],"_links":{"self":[{"href":"https:\/\/wittorfer-zwergenstube.de\/index.php?rest_route=\/wp\/v2\/pages\/1553","targetHints":{"allow":["GET"]}}],"collection":[{"href":"https:\/\/wittorfer-zwergenstube.de\/index.php?rest_route=\/wp\/v2\/pages"}],"about":[{"href":"https:\/\/wittorfer-zwergenstube.de\/index.php?rest_route=\/wp\/v2\/types\/page"}],"author":[{"embeddable":true,"href":"https:\/\/wittorfer-zwergenstube.de\/index.php?rest_route=\/wp\/v2\/users\/1"}],"replies":[{"embeddable":true,"href":"https:\/\/wittorfer-zwergenstube.de\/index.php?rest_route=%2Fwp%2Fv2%2Fcomments&post=1553"}],"version-history":[{"count":25,"href":"https:\/\/wittorfer-zwergenstube.de\/index.php?rest_route=\/wp\/v2\/pages\/1553\/revisions"}],"predecessor-version":[{"id":1646,"href":"https:\/\/wittorfer-zwergenstube.de\/index.php?rest_route=\/wp\/v2\/pages\/1553\/revisions\/1646"}],"wp:attachment":[{"href":"https:\/\/wittorfer-zwergenstube.de\/index.php?rest_route=%2Fwp%2Fv2%2Fmedia&parent=1553"}],"curies":[{"name":"wp","href":"https:\/\/api.w.org\/{rel}","templated":true}]}}