{"id":155,"date":"2016-10-11T11:20:05","date_gmt":"2016-10-11T09:20:05","guid":{"rendered":"http:\/\/wittorfer-zwergenstube.de\/?page_id=155"},"modified":"2020-07-10T08:53:26","modified_gmt":"2020-07-10T06:53:26","slug":"our-daily-routine-2","status":"publish","type":"page","link":"https:\/\/wittorfer-zwergenstube.de\/?page_id=155","title":{"rendered":"A day by the tigerducks"},"content":{"rendered":"\n<h2 class=\"wp-block-heading\">Unser Motto der Gruppe:<\/h2>\n\n\n\n<p>Wir Tigerentenkinder wir sind vergn\u00fcgt und froh,<br>wir wollen nur das eine, es bliebe immer so!<\/p>\n\n\n\n<p><\/p>\n\n\n<ul>\n<li>Ab 8.00 Uhr starten wir mit dem Freispiel in der Gruppe<br \/>W\u00e4hrend der Spielzeit entscheidet das Kind selber, wo, was und mit wem es spielen m\u00f6chte. Und wenn ihr Kind mag, geben wir ihm Anregungen und Hilfestellungen.<\/li>\n<\/ul>\n<ul>\n<li>Gegen 9.15 Uhr r\u00e4umen wir auf und es findet ein Morgenkreis statt<br \/>In our morning circle we include English songs, movements, finger games and welcoming songs<\/li>\n<\/ul>\n<ul>\n<li>Um ca. 9.45 Uhr fr\u00fchst\u00fccken wir gemeinsam<\/li>\n<\/ul>\n<ul>\n<li>Nach dem Fr\u00fchst\u00fcck findet nochmals ein Freispiel in der Gruppe statt<\/li>\n<\/ul>\n<ul>\n<li>Um 10.30 Uhr r\u00e4umen wir auf und es geht nach drau\u00dfen<\/li>\n<\/ul>\n<ul>\n<li>Gegen 11.30 Uhr beenden wir den Vormittag mit dem gemeinsamen Aufr\u00e4umen und es gibt noch etwas zu trinken<\/li>\n<li>Um 11.45 Uhr beginnt die Abholzeit<\/li>\n<\/ul>","protected":false},"excerpt":{"rendered":"<p>Unser Motto der Gruppe: Wir Tigerentenkinder wir sind vergn\u00fcgt und froh,wir wollen nur das eine, es bliebe immer so! Ab 8.00 Uhr starten wir mit dem Freispiel in der GruppeW\u00e4hrend der Spielzeit entscheidet das Kind selber, wo, was und mit wem es spielen m\u00f6chte. Und wenn ihr Kind mag, geben wir ihm Anregungen und Hilfestellungen. [&hellip;]<\/p>\n","protected":false},"author":1,"featured_media":0,"parent":0,"menu_order":0,"comment_status":"closed","ping_status":"closed","template":"","meta":{"footnotes":""},"class_list":["post-155","page","type-page","status-publish","hentry"],"_links":{"self":[{"href":"https:\/\/wittorfer-zwergenstube.de\/index.php?rest_route=\/wp\/v2\/pages\/155","targetHints":{"allow":["GET"]}}],"collection":[{"href":"https:\/\/wittorfer-zwergenstube.de\/index.php?rest_route=\/wp\/v2\/pages"}],"about":[{"href":"https:\/\/wittorfer-zwergenstube.de\/index.php?rest_route=\/wp\/v2\/types\/page"}],"author":[{"embeddable":true,"href":"https:\/\/wittorfer-zwergenstube.de\/index.php?rest_route=\/wp\/v2\/users\/1"}],"replies":[{"embeddable":true,"href":"https:\/\/wittorfer-zwergenstube.de\/index.php?rest_route=%2Fwp%2Fv2%2Fcomments&post=155"}],"version-history":[{"count":8,"href":"https:\/\/wittorfer-zwergenstube.de\/index.php?rest_route=\/wp\/v2\/pages\/155\/revisions"}],"predecessor-version":[{"id":1650,"href":"https:\/\/wittorfer-zwergenstube.de\/index.php?rest_route=\/wp\/v2\/pages\/155\/revisions\/1650"}],"wp:attachment":[{"href":"https:\/\/wittorfer-zwergenstube.de\/index.php?rest_route=%2Fwp%2Fv2%2Fmedia&parent=155"}],"curies":[{"name":"wp","href":"https:\/\/api.w.org\/{rel}","templated":true}]}}