{"id":1229,"date":"2019-02-04T12:06:21","date_gmt":"2019-02-04T11:06:21","guid":{"rendered":"http:\/\/wittorfer-zwergenstube.de\/?page_id=1229"},"modified":"2021-04-08T14:22:41","modified_gmt":"2021-04-08T12:22:41","slug":"unser-aussengelaende-2","status":"publish","type":"page","link":"https:\/\/wittorfer-zwergenstube.de\/?page_id=1229","title":{"rendered":"Unser Au\u00dfengel\u00e4nde"},"content":{"rendered":"\n<h4 class=\"wp-block-heading\">Unser gro\u00dfes Au\u00dfengel\u00e4nde l\u00e4dt zum Toben, Laufen, sich Auspowern ein. Auch hier beschreiben die Kinder.<\/h4>\n\n\n\n<figure class=\"wp-block-gallery columns-3 is-cropped wp-block-gallery-1 is-layout-flex wp-block-gallery-is-layout-flex\"><ul class=\"blocks-gallery-grid\"><li class=\"blocks-gallery-item\"><figure><img loading=\"lazy\" decoding=\"async\" width=\"400\" height=\"264\" src=\"https:\/\/wittorfer-zwergenstube.de\/wp-content\/uploads\/2021\/04\/DSC_0812.jpg\" alt=\"\" data-id=\"1766\" data-full-url=\"https:\/\/wittorfer-zwergenstube.de\/wp-content\/uploads\/2021\/04\/DSC_0812.jpg\" data-link=\"https:\/\/wittorfer-zwergenstube.de\/?attachment_id=1766\" class=\"wp-image-1766\" srcset=\"https:\/\/wittorfer-zwergenstube.de\/wp-content\/uploads\/2021\/04\/DSC_0812.jpg 400w, https:\/\/wittorfer-zwergenstube.de\/wp-content\/uploads\/2021\/04\/DSC_0812-300x198.jpg 300w\" sizes=\"auto, (max-width: 400px) 100vw, 400px\" \/><\/figure><\/li><li class=\"blocks-gallery-item\"><figure><img loading=\"lazy\" decoding=\"async\" width=\"400\" height=\"264\" src=\"https:\/\/wittorfer-zwergenstube.de\/wp-content\/uploads\/2021\/04\/DSC_0813.jpg\" alt=\"\" data-id=\"1767\" data-full-url=\"https:\/\/wittorfer-zwergenstube.de\/wp-content\/uploads\/2021\/04\/DSC_0813.jpg\" data-link=\"https:\/\/wittorfer-zwergenstube.de\/?attachment_id=1767\" class=\"wp-image-1767\" srcset=\"https:\/\/wittorfer-zwergenstube.de\/wp-content\/uploads\/2021\/04\/DSC_0813.jpg 400w, https:\/\/wittorfer-zwergenstube.de\/wp-content\/uploads\/2021\/04\/DSC_0813-300x198.jpg 300w\" sizes=\"auto, (max-width: 400px) 100vw, 400px\" \/><\/figure><\/li><li class=\"blocks-gallery-item\"><figure><img loading=\"lazy\" decoding=\"async\" width=\"400\" height=\"300\" src=\"https:\/\/wittorfer-zwergenstube.de\/wp-content\/uploads\/2021\/04\/IMG_0143.jpg\" alt=\"\" data-id=\"1768\" data-full-url=\"https:\/\/wittorfer-zwergenstube.de\/wp-content\/uploads\/2021\/04\/IMG_0143.jpg\" data-link=\"https:\/\/wittorfer-zwergenstube.de\/?attachment_id=1768\" class=\"wp-image-1768\" srcset=\"https:\/\/wittorfer-zwergenstube.de\/wp-content\/uploads\/2021\/04\/IMG_0143.jpg 400w, https:\/\/wittorfer-zwergenstube.de\/wp-content\/uploads\/2021\/04\/IMG_0143-300x225.jpg 300w\" sizes=\"auto, (max-width: 400px) 100vw, 400px\" \/><\/figure><\/li><\/ul><\/figure>\n\n\n\n<h5 class=\"wp-block-heading\">Wir haben ganz viel Platz zum Fahrzeuge fahren.<br>Und eine Sandkiste. Aber wir d\u00fcrfen auch in dem anderen Sand buddeln. Davon haben wir auch ganz viel. Wir k\u00f6nnen klettern, rutschen und balancieren. <br>Und ganz viel laufen, fangen spielen und uns verstecken. Wir haben da auch eine Tischtennisplatte stehen. <br>Und was auch noch gut ist. Wenn es regnet, ist es gar nicht schlimm. Es gibt einen gro\u00dfen Baum und ganz viele D\u00e4cher. Da kann man sich richtig gut unterstellen und vorm Regen verstecken. Und danach h\u00fcpfen wir dann durch die Pf\u00fctzen. Das macht Spa\u00df.<\/h5>\n","protected":false},"excerpt":{"rendered":"<p>Unser gro\u00dfes Au\u00dfengel\u00e4nde l\u00e4dt zum Toben, Laufen, sich Auspowern ein. Auch hier beschreiben die Kinder. Wir haben ganz viel Platz zum Fahrzeuge fahren.Und eine Sandkiste. Aber wir d\u00fcrfen auch in dem anderen Sand buddeln. Davon haben wir auch ganz viel. Wir k\u00f6nnen klettern, rutschen und balancieren. Und ganz viel laufen, fangen spielen und uns verstecken. [&hellip;]<\/p>\n","protected":false},"author":1,"featured_media":0,"parent":0,"menu_order":0,"comment_status":"closed","ping_status":"closed","template":"","meta":{"footnotes":""},"class_list":["post-1229","page","type-page","status-publish","hentry"],"_links":{"self":[{"href":"https:\/\/wittorfer-zwergenstube.de\/index.php?rest_route=\/wp\/v2\/pages\/1229","targetHints":{"allow":["GET"]}}],"collection":[{"href":"https:\/\/wittorfer-zwergenstube.de\/index.php?rest_route=\/wp\/v2\/pages"}],"about":[{"href":"https:\/\/wittorfer-zwergenstube.de\/index.php?rest_route=\/wp\/v2\/types\/page"}],"author":[{"embeddable":true,"href":"https:\/\/wittorfer-zwergenstube.de\/index.php?rest_route=\/wp\/v2\/users\/1"}],"replies":[{"embeddable":true,"href":"https:\/\/wittorfer-zwergenstube.de\/index.php?rest_route=%2Fwp%2Fv2%2Fcomments&post=1229"}],"version-history":[{"count":3,"href":"https:\/\/wittorfer-zwergenstube.de\/index.php?rest_route=\/wp\/v2\/pages\/1229\/revisions"}],"predecessor-version":[{"id":1769,"href":"https:\/\/wittorfer-zwergenstube.de\/index.php?rest_route=\/wp\/v2\/pages\/1229\/revisions\/1769"}],"wp:attachment":[{"href":"https:\/\/wittorfer-zwergenstube.de\/index.php?rest_route=%2Fwp%2Fv2%2Fmedia&parent=1229"}],"curies":[{"name":"wp","href":"https:\/\/api.w.org\/{rel}","templated":true}]}}