{"id":1151,"date":"2018-12-04T11:16:43","date_gmt":"2018-12-04T10:16:43","guid":{"rendered":"http:\/\/wittorfer-zwergenstube.de\/?page_id=1151"},"modified":"2020-07-10T10:34:39","modified_gmt":"2020-07-10T08:34:39","slug":"our-little-highlights","status":"publish","type":"page","link":"https:\/\/wittorfer-zwergenstube.de\/?page_id=1151","title":{"rendered":"our little highlights"},"content":{"rendered":"<p>Besonderheiten:<\/p>\n<ul>\n<li>1x im Monat findet unser Schlemmertag statt<\/li>\n<li>1x in der Woche gehen wir zum Turnen<\/li>\n<li>Wir machen regelm\u00e4\u00dfig Spazierg\u00e4nge durch das Dorf und gehen in den Wald<\/li>\n<li>1x im Jahr findet unsere Waldwoche statt<\/li>\n<li>Au\u00dferdem finden regelm\u00e4\u00dfige Projekte (gruppen\u00fcbergreifend) statt<\/li>\n<li>W\u00e4hrend des normalen Alltags werden Angebote\/Portfolio Arbeit angeboten<\/li>\n<\/ul>\n","protected":false},"excerpt":{"rendered":"<p>Besonderheiten: 1x im Monat findet unser Schlemmertag statt 1x in der Woche gehen wir zum Turnen Wir machen regelm\u00e4\u00dfig Spazierg\u00e4nge durch das Dorf und gehen in den Wald 1x im Jahr findet unsere Waldwoche statt Au\u00dferdem finden regelm\u00e4\u00dfige Projekte (gruppen\u00fcbergreifend) statt W\u00e4hrend des normalen Alltags werden Angebote\/Portfolio Arbeit angeboten<\/p>\n","protected":false},"author":1,"featured_media":0,"parent":0,"menu_order":0,"comment_status":"closed","ping_status":"closed","template":"","meta":{"footnotes":""},"class_list":["post-1151","page","type-page","status-publish","hentry"],"_links":{"self":[{"href":"https:\/\/wittorfer-zwergenstube.de\/index.php?rest_route=\/wp\/v2\/pages\/1151","targetHints":{"allow":["GET"]}}],"collection":[{"href":"https:\/\/wittorfer-zwergenstube.de\/index.php?rest_route=\/wp\/v2\/pages"}],"about":[{"href":"https:\/\/wittorfer-zwergenstube.de\/index.php?rest_route=\/wp\/v2\/types\/page"}],"author":[{"embeddable":true,"href":"https:\/\/wittorfer-zwergenstube.de\/index.php?rest_route=\/wp\/v2\/users\/1"}],"replies":[{"embeddable":true,"href":"https:\/\/wittorfer-zwergenstube.de\/index.php?rest_route=%2Fwp%2Fv2%2Fcomments&post=1151"}],"version-history":[{"count":2,"href":"https:\/\/wittorfer-zwergenstube.de\/index.php?rest_route=\/wp\/v2\/pages\/1151\/revisions"}],"predecessor-version":[{"id":1664,"href":"https:\/\/wittorfer-zwergenstube.de\/index.php?rest_route=\/wp\/v2\/pages\/1151\/revisions\/1664"}],"wp:attachment":[{"href":"https:\/\/wittorfer-zwergenstube.de\/index.php?rest_route=%2Fwp%2Fv2%2Fmedia&parent=1151"}],"curies":[{"name":"wp","href":"https:\/\/api.w.org\/{rel}","templated":true}]}}