{"id":1065,"date":"2018-10-29T10:16:55","date_gmt":"2018-10-29T09:16:55","guid":{"rendered":"http:\/\/wittorfer-zwergenstube.de\/?page_id=1065"},"modified":"2018-10-29T10:24:39","modified_gmt":"2018-10-29T09:24:39","slug":"oktober2018_aktionstag-aussengelaende","status":"publish","type":"page","link":"https:\/\/wittorfer-zwergenstube.de\/?page_id=1065","title":{"rendered":"Oktober2018_Aktionstag Au\u00dfengel\u00e4nde"},"content":{"rendered":"<p>Unser Elternbeirat hat einen Aktionstag organisiert. Es wurden die Au\u00dfengel\u00e4nde der Krippengruppen und des Kindergartens (ehemalige Dorfschule) auf Vordermann gebracht. Dabei wurden wir tatkr\u00e4ftig von einigen Eltern unterst\u00fctzt.<\/p>\n<p>Vielen lieben Dank noch einmal an unseren Elternbeirat und allen helfenden Eltern!<\/p>\n<h2>Kindergarten Au\u00dfengel\u00e4nde<\/h2>\n\n\t\t<style type=\"text\/css\">\n\t\t\t#gallery-1 {\n\t\t\t\tmargin: auto;\n\t\t\t}\n\t\t\t#gallery-1 .gallery-item {\n\t\t\t\tfloat: left;\n\t\t\t\tmargin-top: 10px;\n\t\t\t\ttext-align: center;\n\t\t\t\twidth: 33%;\n\t\t\t}\n\t\t\t#gallery-1 img {\n\t\t\t\tborder: 2px solid #cfcfcf;\n\t\t\t}\n\t\t\t#gallery-1 .gallery-caption {\n\t\t\t\tmargin-left: 0;\n\t\t\t}\n\t\t\t\/* see gallery_shortcode() in wp-includes\/media.php *\/\n\t\t<\/style>\n\t\t<div id='gallery-1' class='gallery galleryid-1065 gallery-columns-3 gallery-size-thumbnail'><dl class='gallery-item'>\n\t\t\t<dt class='gallery-icon landscape'>\n\t\t\t\t<a href='https:\/\/wittorfer-zwergenstube.de\/?attachment_id=1071'><img loading=\"lazy\" decoding=\"async\" width=\"150\" height=\"150\" src=\"https:\/\/wittorfer-zwergenstube.de\/wp-content\/uploads\/2018\/10\/20181019_153413-150x150.jpg\" class=\"attachment-thumbnail size-thumbnail\" alt=\"\" \/><\/a>\n\t\t\t<\/dt><\/dl><dl class='gallery-item'>\n\t\t\t<dt class='gallery-icon landscape'>\n\t\t\t\t<a href='https:\/\/wittorfer-zwergenstube.de\/?attachment_id=1072'><img loading=\"lazy\" decoding=\"async\" width=\"150\" height=\"150\" src=\"https:\/\/wittorfer-zwergenstube.de\/wp-content\/uploads\/2018\/10\/20181019_153504-150x150.jpg\" class=\"attachment-thumbnail size-thumbnail\" alt=\"\" \/><\/a>\n\t\t\t<\/dt><\/dl><dl class='gallery-item'>\n\t\t\t<dt class='gallery-icon portrait'>\n\t\t\t\t<a href='https:\/\/wittorfer-zwergenstube.de\/?attachment_id=1073'><img loading=\"lazy\" decoding=\"async\" width=\"150\" height=\"150\" src=\"https:\/\/wittorfer-zwergenstube.de\/wp-content\/uploads\/2018\/10\/20181019_153629-150x150.jpg\" class=\"attachment-thumbnail size-thumbnail\" alt=\"\" \/><\/a>\n\t\t\t<\/dt><\/dl><br style=\"clear: both\" \/><dl class='gallery-item'>\n\t\t\t<dt class='gallery-icon portrait'>\n\t\t\t\t<a href='https:\/\/wittorfer-zwergenstube.de\/?attachment_id=1074'><img loading=\"lazy\" decoding=\"async\" width=\"150\" height=\"150\" src=\"https:\/\/wittorfer-zwergenstube.de\/wp-content\/uploads\/2018\/10\/20181019_155919-150x150.jpg\" class=\"attachment-thumbnail size-thumbnail\" alt=\"\" \/><\/a>\n\t\t\t<\/dt><\/dl><dl class='gallery-item'>\n\t\t\t<dt class='gallery-icon landscape'>\n\t\t\t\t<a href='https:\/\/wittorfer-zwergenstube.de\/?attachment_id=1075'><img loading=\"lazy\" decoding=\"async\" width=\"150\" height=\"150\" src=\"https:\/\/wittorfer-zwergenstube.de\/wp-content\/uploads\/2018\/10\/20181019_160057-150x150.jpg\" class=\"attachment-thumbnail size-thumbnail\" alt=\"\" \/><\/a>\n\t\t\t<\/dt><\/dl><dl class='gallery-item'>\n\t\t\t<dt class='gallery-icon landscape'>\n\t\t\t\t<a href='https:\/\/wittorfer-zwergenstube.de\/?attachment_id=1076'><img loading=\"lazy\" decoding=\"async\" width=\"150\" height=\"150\" src=\"https:\/\/wittorfer-zwergenstube.de\/wp-content\/uploads\/2018\/10\/20181019_160131-150x150.jpg\" class=\"attachment-thumbnail size-thumbnail\" alt=\"\" \/><\/a>\n\t\t\t<\/dt><\/dl><br style=\"clear: both\" \/><dl class='gallery-item'>\n\t\t\t<dt class='gallery-icon landscape'>\n\t\t\t\t<a href='https:\/\/wittorfer-zwergenstube.de\/?attachment_id=1077'><img loading=\"lazy\" decoding=\"async\" width=\"150\" height=\"150\" src=\"https:\/\/wittorfer-zwergenstube.de\/wp-content\/uploads\/2018\/10\/20181019_172106-150x150.jpg\" class=\"attachment-thumbnail size-thumbnail\" alt=\"\" \/><\/a>\n\t\t\t<\/dt><\/dl><dl class='gallery-item'>\n\t\t\t<dt class='gallery-icon landscape'>\n\t\t\t\t<a href='https:\/\/wittorfer-zwergenstube.de\/?attachment_id=1078'><img loading=\"lazy\" decoding=\"async\" width=\"150\" height=\"150\" src=\"https:\/\/wittorfer-zwergenstube.de\/wp-content\/uploads\/2018\/10\/20181019_172116-150x150.jpg\" class=\"attachment-thumbnail size-thumbnail\" alt=\"\" \/><\/a>\n\t\t\t<\/dt><\/dl><dl class='gallery-item'>\n\t\t\t<dt class='gallery-icon landscape'>\n\t\t\t\t<a href='https:\/\/wittorfer-zwergenstube.de\/?attachment_id=1079'><img loading=\"lazy\" decoding=\"async\" width=\"150\" height=\"150\" src=\"https:\/\/wittorfer-zwergenstube.de\/wp-content\/uploads\/2018\/10\/20181019_172121-150x150.jpg\" class=\"attachment-thumbnail size-thumbnail\" alt=\"\" \/><\/a>\n\t\t\t<\/dt><\/dl><br style=\"clear: both\" \/><dl class='gallery-item'>\n\t\t\t<dt class='gallery-icon landscape'>\n\t\t\t\t<a href='https:\/\/wittorfer-zwergenstube.de\/?attachment_id=1081'><img loading=\"lazy\" decoding=\"async\" width=\"150\" height=\"150\" src=\"https:\/\/wittorfer-zwergenstube.de\/wp-content\/uploads\/2018\/10\/20181019_172941-150x150.jpg\" class=\"attachment-thumbnail size-thumbnail\" alt=\"\" \/><\/a>\n\t\t\t<\/dt><\/dl>\n\t\t\t<br style='clear: both' \/>\n\t\t<\/div>\n\n<h2>Krippe Au\u00dfengel\u00e4nde<\/h2>\n\n\t\t<style type=\"text\/css\">\n\t\t\t#gallery-2 {\n\t\t\t\tmargin: auto;\n\t\t\t}\n\t\t\t#gallery-2 .gallery-item {\n\t\t\t\tfloat: left;\n\t\t\t\tmargin-top: 10px;\n\t\t\t\ttext-align: center;\n\t\t\t\twidth: 33%;\n\t\t\t}\n\t\t\t#gallery-2 img {\n\t\t\t\tborder: 2px solid #cfcfcf;\n\t\t\t}\n\t\t\t#gallery-2 .gallery-caption {\n\t\t\t\tmargin-left: 0;\n\t\t\t}\n\t\t\t\/* see gallery_shortcode() in wp-includes\/media.php *\/\n\t\t<\/style>\n\t\t<div id='gallery-2' class='gallery galleryid-1065 gallery-columns-3 gallery-size-thumbnail'><dl class='gallery-item'>\n\t\t\t<dt class='gallery-icon portrait'>\n\t\t\t\t<a href='https:\/\/wittorfer-zwergenstube.de\/?attachment_id=1090'><img loading=\"lazy\" decoding=\"async\" width=\"150\" height=\"150\" src=\"https:\/\/wittorfer-zwergenstube.de\/wp-content\/uploads\/2018\/10\/IMG-20181029-WA0014-150x150.jpg\" class=\"attachment-thumbnail size-thumbnail\" alt=\"\" \/><\/a>\n\t\t\t<\/dt><\/dl><dl class='gallery-item'>\n\t\t\t<dt class='gallery-icon landscape'>\n\t\t\t\t<a href='https:\/\/wittorfer-zwergenstube.de\/?attachment_id=1089'><img loading=\"lazy\" decoding=\"async\" width=\"150\" height=\"150\" src=\"https:\/\/wittorfer-zwergenstube.de\/wp-content\/uploads\/2018\/10\/IMG-20181029-WA0013-150x150.jpg\" class=\"attachment-thumbnail size-thumbnail\" alt=\"\" \/><\/a>\n\t\t\t<\/dt><\/dl><dl class='gallery-item'>\n\t\t\t<dt class='gallery-icon portrait'>\n\t\t\t\t<a href='https:\/\/wittorfer-zwergenstube.de\/?attachment_id=1088'><img loading=\"lazy\" decoding=\"async\" width=\"150\" height=\"150\" src=\"https:\/\/wittorfer-zwergenstube.de\/wp-content\/uploads\/2018\/10\/IMG-20181029-WA0012-150x150.jpg\" class=\"attachment-thumbnail size-thumbnail\" alt=\"\" \/><\/a>\n\t\t\t<\/dt><\/dl><br style=\"clear: both\" \/><dl class='gallery-item'>\n\t\t\t<dt class='gallery-icon landscape'>\n\t\t\t\t<a href='https:\/\/wittorfer-zwergenstube.de\/?attachment_id=1087'><img loading=\"lazy\" decoding=\"async\" width=\"150\" height=\"150\" src=\"https:\/\/wittorfer-zwergenstube.de\/wp-content\/uploads\/2018\/10\/IMG-20181029-WA0010-150x150.jpg\" class=\"attachment-thumbnail size-thumbnail\" alt=\"\" \/><\/a>\n\t\t\t<\/dt><\/dl><dl class='gallery-item'>\n\t\t\t<dt class='gallery-icon portrait'>\n\t\t\t\t<a href='https:\/\/wittorfer-zwergenstube.de\/?attachment_id=1086'><img loading=\"lazy\" decoding=\"async\" width=\"150\" height=\"150\" src=\"https:\/\/wittorfer-zwergenstube.de\/wp-content\/uploads\/2018\/10\/IMG-20181029-WA0009-150x150.jpg\" class=\"attachment-thumbnail size-thumbnail\" alt=\"\" \/><\/a>\n\t\t\t<\/dt><\/dl><dl class='gallery-item'>\n\t\t\t<dt class='gallery-icon portrait'>\n\t\t\t\t<a href='https:\/\/wittorfer-zwergenstube.de\/?attachment_id=1085'><img loading=\"lazy\" decoding=\"async\" width=\"150\" height=\"150\" src=\"https:\/\/wittorfer-zwergenstube.de\/wp-content\/uploads\/2018\/10\/IMG-20181029-WA0007-150x150.jpg\" class=\"attachment-thumbnail size-thumbnail\" alt=\"\" \/><\/a>\n\t\t\t<\/dt><\/dl><br style=\"clear: both\" \/><dl class='gallery-item'>\n\t\t\t<dt class='gallery-icon landscape'>\n\t\t\t\t<a href='https:\/\/wittorfer-zwergenstube.de\/?attachment_id=1084'><img loading=\"lazy\" decoding=\"async\" width=\"150\" height=\"150\" src=\"https:\/\/wittorfer-zwergenstube.de\/wp-content\/uploads\/2018\/10\/IMG-20181029-WA0006-150x150.jpg\" class=\"attachment-thumbnail size-thumbnail\" alt=\"\" \/><\/a>\n\t\t\t<\/dt><\/dl><dl class='gallery-item'>\n\t\t\t<dt class='gallery-icon landscape'>\n\t\t\t\t<a href='https:\/\/wittorfer-zwergenstube.de\/?attachment_id=1083'><img loading=\"lazy\" decoding=\"async\" width=\"150\" height=\"150\" src=\"https:\/\/wittorfer-zwergenstube.de\/wp-content\/uploads\/2018\/10\/IMG-20181029-WA0002-150x150.jpg\" class=\"attachment-thumbnail size-thumbnail\" alt=\"\" \/><\/a>\n\t\t\t<\/dt><\/dl><dl class='gallery-item'>\n\t\t\t<dt class='gallery-icon landscape'>\n\t\t\t\t<a href='https:\/\/wittorfer-zwergenstube.de\/?attachment_id=1082'><img loading=\"lazy\" decoding=\"async\" width=\"150\" height=\"150\" src=\"https:\/\/wittorfer-zwergenstube.de\/wp-content\/uploads\/2018\/10\/IMG-20181029-WA0001-150x150.jpg\" class=\"attachment-thumbnail size-thumbnail\" alt=\"\" \/><\/a>\n\t\t\t<\/dt><\/dl><br style=\"clear: both\" \/>\n\t\t<\/div>\n\n<h2><\/h2>\n<p>&nbsp;<\/p>\n<h2><\/h2>\n","protected":false},"excerpt":{"rendered":"<p>Unser Elternbeirat hat einen Aktionstag organisiert. Es wurden die Au\u00dfengel\u00e4nde der Krippengruppen und des Kindergartens (ehemalige Dorfschule) auf Vordermann gebracht. Dabei wurden wir tatkr\u00e4ftig von einigen Eltern unterst\u00fctzt. Vielen lieben Dank noch einmal an unseren Elternbeirat und allen helfenden Eltern! Kindergarten Au\u00dfengel\u00e4nde Krippe Au\u00dfengel\u00e4nde &nbsp;<\/p>\n","protected":false},"author":1,"featured_media":0,"parent":0,"menu_order":0,"comment_status":"closed","ping_status":"closed","template":"","meta":{"footnotes":""},"class_list":["post-1065","page","type-page","status-publish","hentry"],"_links":{"self":[{"href":"https:\/\/wittorfer-zwergenstube.de\/index.php?rest_route=\/wp\/v2\/pages\/1065","targetHints":{"allow":["GET"]}}],"collection":[{"href":"https:\/\/wittorfer-zwergenstube.de\/index.php?rest_route=\/wp\/v2\/pages"}],"about":[{"href":"https:\/\/wittorfer-zwergenstube.de\/index.php?rest_route=\/wp\/v2\/types\/page"}],"author":[{"embeddable":true,"href":"https:\/\/wittorfer-zwergenstube.de\/index.php?rest_route=\/wp\/v2\/users\/1"}],"replies":[{"embeddable":true,"href":"https:\/\/wittorfer-zwergenstube.de\/index.php?rest_route=%2Fwp%2Fv2%2Fcomments&post=1065"}],"version-history":[{"count":2,"href":"https:\/\/wittorfer-zwergenstube.de\/index.php?rest_route=\/wp\/v2\/pages\/1065\/revisions"}],"predecessor-version":[{"id":1091,"href":"https:\/\/wittorfer-zwergenstube.de\/index.php?rest_route=\/wp\/v2\/pages\/1065\/revisions\/1091"}],"wp:attachment":[{"href":"https:\/\/wittorfer-zwergenstube.de\/index.php?rest_route=%2Fwp%2Fv2%2Fmedia&parent=1065"}],"curies":[{"name":"wp","href":"https:\/\/api.w.org\/{rel}","templated":true}]}}