{"id":104,"date":"2016-09-26T11:27:06","date_gmt":"2016-09-26T09:27:06","guid":{"rendered":"http:\/\/wittorfer-zwergenstube.de\/?page_id=104"},"modified":"2023-08-17T12:26:38","modified_gmt":"2023-08-17T10:26:38","slug":"formulare","status":"publish","type":"page","link":"https:\/\/wittorfer-zwergenstube.de\/?page_id=104","title":{"rendered":"Formulare"},"content":{"rendered":"\n<p>Ihr Kind k\u00f6nnen sie ganz problemlos \u00fcber das Onlineformular der Stadt Visselh\u00f6vede anmelden.<\/p>\n\n\n\n<p><a href=\"https:\/\/www.visselhoevede.de\/portal\/seiten\/betreuungsplatz-antrag-kindergarten-krippe-hort--900000205-23850.html?titel=Betreuungsplatz+Antrag+%28Kindergarten+%2F+Krippe+%2F+Hort%29\" data-type=\"link\" data-id=\"https:\/\/www.visselhoevede.de\/portal\/seiten\/betreuungsplatz-antrag-kindergarten-krippe-hort--900000205-23850.html?titel=Betreuungsplatz+Antrag+%28Kindergarten+%2F+Krippe+%2F+Hort%29\">Antrag auf einen Betreuungsplatz<\/a><\/p>\n\n\n\n<p><\/p>\n","protected":false},"excerpt":{"rendered":"<p>Ihr Kind k\u00f6nnen sie ganz problemlos \u00fcber das Onlineformular der Stadt Visselh\u00f6vede anmelden. Antrag auf einen Betreuungsplatz<\/p>\n","protected":false},"author":1,"featured_media":0,"parent":0,"menu_order":0,"comment_status":"closed","ping_status":"closed","template":"","meta":{"footnotes":""},"class_list":["post-104","page","type-page","status-publish","hentry"],"_links":{"self":[{"href":"https:\/\/wittorfer-zwergenstube.de\/index.php?rest_route=\/wp\/v2\/pages\/104","targetHints":{"allow":["GET"]}}],"collection":[{"href":"https:\/\/wittorfer-zwergenstube.de\/index.php?rest_route=\/wp\/v2\/pages"}],"about":[{"href":"https:\/\/wittorfer-zwergenstube.de\/index.php?rest_route=\/wp\/v2\/types\/page"}],"author":[{"embeddable":true,"href":"https:\/\/wittorfer-zwergenstube.de\/index.php?rest_route=\/wp\/v2\/users\/1"}],"replies":[{"embeddable":true,"href":"https:\/\/wittorfer-zwergenstube.de\/index.php?rest_route=%2Fwp%2Fv2%2Fcomments&post=104"}],"version-history":[{"count":10,"href":"https:\/\/wittorfer-zwergenstube.de\/index.php?rest_route=\/wp\/v2\/pages\/104\/revisions"}],"predecessor-version":[{"id":1975,"href":"https:\/\/wittorfer-zwergenstube.de\/index.php?rest_route=\/wp\/v2\/pages\/104\/revisions\/1975"}],"wp:attachment":[{"href":"https:\/\/wittorfer-zwergenstube.de\/index.php?rest_route=%2Fwp%2Fv2%2Fmedia&parent=104"}],"curies":[{"name":"wp","href":"https:\/\/api.w.org\/{rel}","templated":true}]}}