{"id":101,"date":"2016-09-26T11:19:08","date_gmt":"2016-09-26T09:19:08","guid":{"rendered":"http:\/\/wittorfer-zwergenstube.de\/?page_id=101"},"modified":"2023-05-24T10:45:48","modified_gmt":"2023-05-24T08:45:48","slug":"startseite","status":"publish","type":"page","link":"https:\/\/wittorfer-zwergenstube.de\/","title":{"rendered":"Startseite"},"content":{"rendered":"<h1 style=\"text-align: center;\"><span style=\"color: #008000;\"><strong>Herzlich Willkommen auf unserer Homepage!<br \/>\n<\/strong><\/span><\/h1>\n<h1 style=\"text-align: center;\"><span style=\"color: #008000;\">Nice to see you!<\/span><\/h1>\n<h1 style=\"text-align: center;\"><\/h1>\n<p style=\"text-align: center;\">Um Ihnen einen kleinen Einblick in unsere Arbeit zu erm\u00f6glichen, haben wir diese Homepage erstellt.<br \/>\nAm Wichtigsten ist uns, dass sich Ihr Kind in unseren Einrichtungen wohlf\u00fchlt. Denn f\u00fcr die Entwicklung Ihres Kindes ist nichts wichtiger, als Geborgenheit, Zuwendung und Vertrauen.<br \/>\nUnser Ziel ist es, Ihrem Kind durch unterschiedliche Angebote den Weg in ein selbstst\u00e4ndiges Tun und Denken zu erm\u00f6glichen. Kinder brauchen M\u00f6glichkeiten zum Ausprobieren und Experimentieren. Sie m\u00fcssen eigene Erfahrungen sammeln. Und das d\u00fcrfen sie bei uns.<br \/>\nJede Anmeldung ist f\u00fcr uns ein Vertrauensbeweis. Wir w\u00fcnschen uns, dass sich Kinder und Eltern sp\u00e4ter gerne an uns erinnern.<\/p>\n<h2 style=\"text-align: center;\">Hier gelangen sie zu unseren <a href=\"https:\/\/wittorfer-zwergenstube.de\/?page_id=858\">News<\/a><\/h2>\n<h3 style=\"text-align: center;\">Hier gelangt ihr zu unserer<br \/>\n<a href=\"https:\/\/wittorfer-zwergenstube.de\/?page_id=1553\">digitalen Kita Zeitung<\/a><\/h3>\n<h1 style=\"text-align: center;\"><strong>Unser Motto:<\/strong><\/h1>\n<h2 style=\"text-align: center;\">Professionell! Individual! Open arms!<br \/>\nYou are welcome!<\/h2>\n<p style=\"text-align: left;\"><em><span style=\"color: #008000;\">\u00a0<\/span><\/em><\/p>\n<h1 style=\"text-align: center;\"><\/h1>\n<p style=\"text-align: left;\"><em><span style=\"color: #008000;\">&#8222;Eigentlich braucht jedes Kind drei Dinge:\u00a0\u00a0\u00a0\u00a0\u00a0\u00a0\u00a0\u00a0\u00a0\u00a0\u00a0\u00a0\u00a0\u00a0\u00a0\u00a0\u00a0\u00a0\u00a0\u00a0\u00a0\u00a0\u00a0\u00a0\u00a0\u00a0\u00a0\u00a0\u00a0\u00a0\u00a0\u00a0\u00a0\u00a0\u00a0\u00a0\u00a0\u00a0\u00a0\u00a0\u00a0\u00a0\u00a0\u00a0\u00a0\u00a0\u00a0\u00a0\u00a0\u00a0\u00a0\u00a0\u00a0\u00a0\u00a0\u00a0\u00a0\u00a0\u00a0\u00a0\u00a0\u00a0\u00a0\u00a0 <img loading=\"lazy\" decoding=\"async\" class=\"wp-image-241 alignright\" src=\"https:\/\/wittorfer-zwergenstube.de\/wp-content\/uploads\/2016\/09\/playlearn-and-grow-together-1.jpg\" alt=\"playlearn-and-grow-together\" width=\"173\" height=\"238\" srcset=\"https:\/\/wittorfer-zwergenstube.de\/wp-content\/uploads\/2016\/09\/playlearn-and-grow-together-1.jpg 1256w, https:\/\/wittorfer-zwergenstube.de\/wp-content\/uploads\/2016\/09\/playlearn-and-grow-together-1-218x300.jpg 218w, https:\/\/wittorfer-zwergenstube.de\/wp-content\/uploads\/2016\/09\/playlearn-and-grow-together-1-768x1057.jpg 768w, https:\/\/wittorfer-zwergenstube.de\/wp-content\/uploads\/2016\/09\/playlearn-and-grow-together-1-744x1024.jpg 744w, https:\/\/wittorfer-zwergenstube.de\/wp-content\/uploads\/2016\/09\/playlearn-and-grow-together-1-624x859.jpg 624w\" sizes=\"auto, (max-width: 173px) 100vw, 173px\" \/><br \/>\nEs braucht Aufgaben, an denen es wachsen kann,<br \/>\nes braucht Vorbilder, an denen es sich orientieren kann,<\/span><\/em><span style=\"color: #008000;\"><strong><br \/>\n<\/strong><\/span><em><span style=\"color: #008000;\">und es braucht Gemeinschaften, in denen es sich aufgehoben f\u00fchlt.&#8220;<\/span><\/em><\/p>\n<p style=\"text-align: left;\"><span style=\"color: #008000;\">Prof. Gerald H\u00fcther<\/span><\/p>\n<h1 style=\"text-align: center;\"><\/h1>\n<h1 style=\"text-align: center;\"><\/h1>\n<h1 style=\"text-align: center;\"><\/h1>\n<h1 style=\"text-align: center;\"><\/h1>\n","protected":false},"excerpt":{"rendered":"<p>Herzlich Willkommen auf unserer Homepage! Nice to see you! Um Ihnen einen kleinen Einblick in unsere Arbeit zu erm\u00f6glichen, haben wir diese Homepage erstellt. Am Wichtigsten ist uns, dass sich Ihr Kind in unseren Einrichtungen wohlf\u00fchlt. Denn f\u00fcr die Entwicklung Ihres Kindes ist nichts wichtiger, als Geborgenheit, Zuwendung und Vertrauen. Unser Ziel ist es, Ihrem [&hellip;]<\/p>\n","protected":false},"author":1,"featured_media":0,"parent":0,"menu_order":0,"comment_status":"closed","ping_status":"closed","template":"","meta":{"footnotes":""},"class_list":["post-101","page","type-page","status-publish","hentry"],"_links":{"self":[{"href":"https:\/\/wittorfer-zwergenstube.de\/index.php?rest_route=\/wp\/v2\/pages\/101","targetHints":{"allow":["GET"]}}],"collection":[{"href":"https:\/\/wittorfer-zwergenstube.de\/index.php?rest_route=\/wp\/v2\/pages"}],"about":[{"href":"https:\/\/wittorfer-zwergenstube.de\/index.php?rest_route=\/wp\/v2\/types\/page"}],"author":[{"embeddable":true,"href":"https:\/\/wittorfer-zwergenstube.de\/index.php?rest_route=\/wp\/v2\/users\/1"}],"replies":[{"embeddable":true,"href":"https:\/\/wittorfer-zwergenstube.de\/index.php?rest_route=%2Fwp%2Fv2%2Fcomments&post=101"}],"version-history":[{"count":28,"href":"https:\/\/wittorfer-zwergenstube.de\/index.php?rest_route=\/wp\/v2\/pages\/101\/revisions"}],"predecessor-version":[{"id":1950,"href":"https:\/\/wittorfer-zwergenstube.de\/index.php?rest_route=\/wp\/v2\/pages\/101\/revisions\/1950"}],"wp:attachment":[{"href":"https:\/\/wittorfer-zwergenstube.de\/index.php?rest_route=%2Fwp%2Fv2%2Fmedia&parent=101"}],"curies":[{"name":"wp","href":"https:\/\/api.w.org\/{rel}","templated":true}]}}